{"id":2156,"date":"2022-02-11T16:53:43","date_gmt":"2022-02-11T16:53:43","guid":{"rendered":"https:\/\/santabarbara.gob.ec\/sbep\/?page_id=2156"},"modified":"2023-01-31T13:09:26","modified_gmt":"2023-01-31T13:09:26","slug":"lotaip-2022","status":"publish","type":"page","link":"https:\/\/santabarbara.gob.ec\/sbep\/lotaip-2022\/","title":{"rendered":"LOTAIP 2022"},"content":{"rendered":"\n<div class=\"wp-block-columns is-layout-flex wp-container-core-columns-is-layout-9d6595d7 wp-block-columns-is-layout-flex\">\n<div class=\"wp-block-column is-layout-flow wp-block-column-is-layout-flow\" style=\"flex-basis:100%\">\n<div class=\"wp-block-group\"><div class=\"wp-block-group__inner-container is-layout-flow wp-block-group-is-layout-flow\">\n<p><\/p>\n\n\n\n<p><\/p>\n\n\n\n<blockquote class=\"wp-block-quote is-style-default is-layout-flow wp-block-quote-is-layout-flow\">\n<p><img data-recalc-dims=\"1\" loading=\"lazy\" decoding=\"async\" width=\"85\" height=\"94\" class=\"wp-image-2158\" style=\"width: 85px;\" src=\"https:\/\/i0.wp.com\/santabarbara.gob.ec\/sbep\/wp-content\/uploads\/2022\/02\/2022.jpg?resize=85%2C94&#038;ssl=1\" alt=\"\"><strong> <\/strong> <a href=\"https:\/\/santabarbara.gob.ec\/sbep\/lotaip-diciembre-2022\/\" data-type=\"URL\" data-id=\"https:\/\/santabarbara.gob.ec\/sbep\/lotaip-noviembre\">DICIEMBRE Ley Org\u00e1nica de transparencia y acceso a la informaci\u00f3n p\u00fablica.<\/a><\/p>\n\n\n\n<p><img data-recalc-dims=\"1\" loading=\"lazy\" decoding=\"async\" width=\"85\" height=\"94\" class=\"wp-image-2158\" style=\"width: 85px;\" src=\"https:\/\/i0.wp.com\/santabarbara.gob.ec\/sbep\/wp-content\/uploads\/2022\/02\/2022.jpg?resize=85%2C94&#038;ssl=1\" alt=\"\"><strong> <\/strong> <a href=\"https:\/\/santabarbara.gob.ec\/sbep\/lotaip-noviembre\" data-type=\"URL\" data-id=\"https:\/\/santabarbara.gob.ec\/sbep\/lotaip-noviembre\">NOVIEMBRE Ley Org\u00e1nica de transparencia y acceso a la informaci\u00f3n p\u00fablica.<\/a><\/p>\n\n\n\n<p><img data-recalc-dims=\"1\" loading=\"lazy\" decoding=\"async\" width=\"85\" height=\"94\" class=\"wp-image-2158\" style=\"width: 85px;\" src=\"https:\/\/i0.wp.com\/santabarbara.gob.ec\/sbep\/wp-content\/uploads\/2022\/02\/2022.jpg?resize=85%2C94&#038;ssl=1\" alt=\"\"><strong> <\/strong> <a href=\"https:\/\/santabarbara.gob.ec\/sbep\/lotaip-octubre-2022\/\" data-type=\"page\" data-id=\"2641\">OCTUBRE Ley Org\u00e1nica de transparencia y acceso a la informaci\u00f3n p\u00fablica.<\/a><\/p>\n\n\n\n<p><img data-recalc-dims=\"1\" loading=\"lazy\" decoding=\"async\" width=\"85\" height=\"94\" class=\"wp-image-2158\" style=\"width: 85px;\" src=\"https:\/\/i0.wp.com\/santabarbara.gob.ec\/sbep\/wp-content\/uploads\/2022\/02\/2022.jpg?resize=85%2C94&#038;ssl=1\" alt=\"\"><strong> <\/strong> <a href=\"https:\/\/santabarbara.gob.ec\/sbep\/lotaip-septiembre-2022\/\">SEPTIEMBRE Ley Org\u00e1nica de transparencia y acceso a la informaci\u00f3n p\u00fablica.<\/a><\/p>\n<\/blockquote>\n\n\n\n<blockquote class=\"wp-block-quote is-style-default is-layout-flow wp-block-quote-is-layout-flow\">\n<p><img data-recalc-dims=\"1\" loading=\"lazy\" decoding=\"async\" width=\"85\" height=\"94\" class=\"wp-image-2158\" style=\"width: 85px;\" src=\"https:\/\/i0.wp.com\/santabarbara.gob.ec\/sbep\/wp-content\/uploads\/2022\/02\/2022.jpg?resize=85%2C94&#038;ssl=1\" alt=\"\"><strong> <\/strong> <a href=\"https:\/\/santabarbara.gob.ec\/sbep\/?page_id=2544\">AGOSTO Ley Org\u00e1nica de transparencia y acceso a la informaci\u00f3n p\u00fablica.<\/a><\/p>\n<\/blockquote>\n\n\n\n<blockquote class=\"wp-block-quote is-style-default is-layout-flow wp-block-quote-is-layout-flow\">\n<p><img data-recalc-dims=\"1\" loading=\"lazy\" decoding=\"async\" width=\"85\" height=\"94\" class=\"wp-image-2158\" style=\"width: 85px;\" src=\"https:\/\/i0.wp.com\/santabarbara.gob.ec\/sbep\/wp-content\/uploads\/2022\/02\/2022.jpg?resize=85%2C94&#038;ssl=1\" alt=\"\"><strong> <\/strong> <a href=\"https:\/\/santabarbara.gob.ec\/sbep\/lotaip-julio-2022\/\">JULIO Ley Org\u00e1nica de transparencia y acceso a la informaci\u00f3n p\u00fablica.<\/a><\/p>\n<\/blockquote>\n\n\n\n<blockquote class=\"wp-block-quote is-style-default is-layout-flow wp-block-quote-is-layout-flow\">\n<p><img data-recalc-dims=\"1\" loading=\"lazy\" decoding=\"async\" width=\"85\" height=\"94\" class=\"wp-image-2158\" style=\"width: 85px;\" src=\"https:\/\/i0.wp.com\/santabarbara.gob.ec\/sbep\/wp-content\/uploads\/2022\/02\/2022.jpg?resize=85%2C94&#038;ssl=1\" alt=\"\"><strong> <\/strong> <a href=\"https:\/\/santabarbara.gob.ec\/sbep\/lotaip-junio-2022\/\" target=\"_blank\" rel=\"noreferrer noopener\">JUNIO Ley Org\u00e1nica de transparencia y acceso a la informaci\u00f3n p\u00fablica.<\/a><\/p>\n<\/blockquote>\n\n\n\n<blockquote class=\"wp-block-quote is-style-default is-layout-flow wp-block-quote-is-layout-flow\">\n<p><img data-recalc-dims=\"1\" loading=\"lazy\" decoding=\"async\" width=\"85\" height=\"94\" class=\"wp-image-2158\" style=\"width: 85px;\" src=\"https:\/\/i0.wp.com\/santabarbara.gob.ec\/sbep\/wp-content\/uploads\/2022\/02\/2022.jpg?resize=85%2C94&#038;ssl=1\" alt=\"\"><strong> <\/strong> <a href=\"https:\/\/santabarbara.gob.ec\/sbep\/lotaip-mayo-2022\/\" data-type=\"URL\" data-id=\"https:\/\/santabarbara.gob.ec\/sbep\/lotaip-mayo-2022\/\" target=\"_blank\" rel=\"noreferrer noopener\">MAYO Ley Org\u00e1nica de transparencia y acceso a la informaci\u00f3n p\u00fablica<\/a><a href=\"https:\/\/santabarbara.gob.ec\/sbep\/lotaip-mayo-2022\/\" target=\"_blank\" rel=\"noreferrer noopener\">.<\/a><\/p>\n<\/blockquote>\n\n\n\n<blockquote class=\"wp-block-quote is-style-default is-layout-flow wp-block-quote-is-layout-flow\">\n<p><img data-recalc-dims=\"1\" loading=\"lazy\" decoding=\"async\" width=\"85\" height=\"94\" class=\"wp-image-2158\" style=\"width: 85px;\" src=\"https:\/\/i0.wp.com\/santabarbara.gob.ec\/sbep\/wp-content\/uploads\/2022\/02\/2022.jpg?resize=85%2C94&#038;ssl=1\" alt=\"\"><strong> <\/strong> <a href=\"https:\/\/santabarbara.gob.ec\/sbep\/lotaip-abril-2022\/\">ABRIL Ley Org\u00e1nica de transparencia y acceso a la informaci\u00f3n p\u00fablica.<\/a><\/p>\n<\/blockquote>\n\n\n\n<blockquote class=\"wp-block-quote is-style-default is-layout-flow wp-block-quote-is-layout-flow\">\n<p><img data-recalc-dims=\"1\" loading=\"lazy\" decoding=\"async\" width=\"85\" height=\"94\" class=\"wp-image-2158\" style=\"width: 85px;\" src=\"https:\/\/i0.wp.com\/santabarbara.gob.ec\/sbep\/wp-content\/uploads\/2022\/02\/2022.jpg?resize=85%2C94&#038;ssl=1\" alt=\"\"><strong> <\/strong> <a href=\"https:\/\/santabarbara.gob.ec\/sbep\/lotaip-marzo-2022\/\" target=\"_blank\" rel=\"noreferrer noopener\">MARZO Ley Org\u00e1nica de transparencia y acceso a la informaci\u00f3n p\u00fablica.<\/a><\/p>\n<\/blockquote>\n\n\n\n<blockquote class=\"wp-block-quote is-style-default is-layout-flow wp-block-quote-is-layout-flow\">\n<p><img data-recalc-dims=\"1\" loading=\"lazy\" decoding=\"async\" width=\"85\" height=\"94\" class=\"wp-image-2158\" style=\"width: 85px;\" src=\"https:\/\/i0.wp.com\/santabarbara.gob.ec\/sbep\/wp-content\/uploads\/2022\/02\/2022.jpg?resize=85%2C94&#038;ssl=1\" alt=\"\"><strong> <\/strong> <a href=\"https:\/\/santabarbara.gob.ec\/sbep\/lotaip-febrero-2022\/\" target=\"_blank\" rel=\"noreferrer noopener\">FEBRERO Ley Org\u00e1nica de transparencia y acceso a la informaci\u00f3n p\u00fablica.<\/a><\/p>\n<\/blockquote>\n\n\n\n<blockquote class=\"wp-block-quote is-style-default is-layout-flow wp-block-quote-is-layout-flow\">\n<p><img data-recalc-dims=\"1\" loading=\"lazy\" decoding=\"async\" width=\"85\" height=\"94\" class=\"wp-image-2158\" style=\"width: 85px;\" src=\"https:\/\/i0.wp.com\/santabarbara.gob.ec\/sbep\/wp-content\/uploads\/2022\/02\/2022.jpg?resize=85%2C94&#038;ssl=1\" alt=\"\"><strong>  <\/strong><a rel=\"noreferrer noopener\" href=\"https:\/\/santabarbara.gob.ec\/sbep\/lotaip-enero-2022\/\" target=\"_blank\">ENERO Ley Org\u00e1nica de transparencia y acceso a la informaci\u00f3n p\u00fablica<\/a><a rel=\"noreferrer noopener\" href=\"https:\/\/santabarbara.gob.ec\/sbep\/lotaip-enero-2021\/\" target=\"_blank\">.<\/a><\/p>\n<\/blockquote>\n\n\n\n<p><\/p>\n<\/div><\/div>\n\n\n\n<p><\/p>\n<\/div>\n<\/div>\n\n\n\n<p><\/p>\n","protected":false},"excerpt":{"rendered":"<p>DICIEMBRE Ley Org\u00e1nica de transparencia y acceso a la informaci\u00f3n p\u00fablica. NOVIEMBRE Ley Org\u00e1nica de transparencia y acceso a la informaci\u00f3n p\u00fablica. OCTUBRE Ley Org\u00e1nica de transparencia y acceso a la informaci\u00f3n p\u00fablica. SEPTIEMBRE Ley Org\u00e1nica de transparencia y acceso a la informaci\u00f3n p\u00fablica. AGOSTO Ley Org\u00e1nica de transparencia y acceso a la informaci\u00f3n p\u00fablica. [&hellip;]<\/p>\n","protected":false},"author":1,"featured_media":0,"parent":0,"menu_order":0,"comment_status":"closed","ping_status":"closed","template":"","meta":{"nf_dc_page":"","om_disable_all_campaigns":false,"footnotes":""},"class_list":["post-2156","page","type-page","status-publish","hentry"],"jetpack_sharing_enabled":true,"_links":{"self":[{"href":"https:\/\/santabarbara.gob.ec\/sbep\/wp-json\/wp\/v2\/pages\/2156","targetHints":{"allow":["GET"]}}],"collection":[{"href":"https:\/\/santabarbara.gob.ec\/sbep\/wp-json\/wp\/v2\/pages"}],"about":[{"href":"https:\/\/santabarbara.gob.ec\/sbep\/wp-json\/wp\/v2\/types\/page"}],"author":[{"embeddable":true,"href":"https:\/\/santabarbara.gob.ec\/sbep\/wp-json\/wp\/v2\/users\/1"}],"replies":[{"embeddable":true,"href":"https:\/\/santabarbara.gob.ec\/sbep\/wp-json\/wp\/v2\/comments?post=2156"}],"version-history":[{"count":23,"href":"https:\/\/santabarbara.gob.ec\/sbep\/wp-json\/wp\/v2\/pages\/2156\/revisions"}],"predecessor-version":[{"id":2715,"href":"https:\/\/santabarbara.gob.ec\/sbep\/wp-json\/wp\/v2\/pages\/2156\/revisions\/2715"}],"wp:attachment":[{"href":"https:\/\/santabarbara.gob.ec\/sbep\/wp-json\/wp\/v2\/media?parent=2156"}],"curies":[{"name":"wp","href":"https:\/\/api.w.org\/{rel}","templated":true}]}}