{"id":2741,"date":"2023-03-10T21:10:13","date_gmt":"2023-03-10T21:10:13","guid":{"rendered":"https:\/\/santabarbara.gob.ec\/sbep\/?page_id=2741"},"modified":"2024-02-02T13:40:24","modified_gmt":"2024-02-02T13:40:24","slug":"lotaip-2023","status":"publish","type":"page","link":"https:\/\/santabarbara.gob.ec\/sbep\/lotaip-2023\/","title":{"rendered":"LOTAIP 2023"},"content":{"rendered":"\n<div class=\"wp-block-columns is-layout-flex wp-container-core-columns-is-layout-9d6595d7 wp-block-columns-is-layout-flex\">\n<div class=\"wp-block-column is-layout-flow wp-block-column-is-layout-flow\" style=\"flex-basis:100%\">\n<div class=\"wp-block-group\"><div class=\"wp-block-group__inner-container is-layout-constrained wp-block-group-is-layout-constrained\"><\/div><\/div>\n\n\n\n<p class=\"\">   <\/p>\n\n\n\n<div class=\"wp-block-group\"><div class=\"wp-block-group__inner-container is-layout-flow wp-block-group-is-layout-flow\"><\/div><\/div>\n\n\n\n<p class=\"\"><\/p>\n\n\n\n<p class=\"\"><\/p>\n\n\n\n<p class=\"\"><\/p>\n\n\n\n<div class=\"wp-block-group\"><div class=\"wp-block-group__inner-container is-layout-flow wp-block-group-is-layout-flow\">\n<blockquote class=\"is-style-default wp-block-quote is-layout-flow wp-block-quote-is-layout-flow\">\n<p class=\"\"><\/p>\n\n\n\n<p class=\"\"><img data-recalc-dims=\"1\" decoding=\"async\" class=\"wp-image-2158\" style=\"width: 85px;\" src=\"https:\/\/i0.wp.com\/santabarbara.gob.ec\/sbep\/wp-content\/uploads\/2023\/04\/2023.png?w=1099&#038;ssl=1\" alt=\"\"><a href=\"https:\/\/santabarbara.gob.ec\/sbep\/lotaip-2023\/lotaip-diciembre-2023\/\" data-type=\"link\" data-id=\"https:\/\/santabarbara.gob.ec\/sbep\/lotaip-2023\/lotaip-septiembre-2023\/\">DICIEMBRE Ley Org\u00e1nica de transparencia y acceso a la informaci\u00f3n p\u00fablica.<\/a><\/p>\n\n\n\n<p class=\"\"><img data-recalc-dims=\"1\" decoding=\"async\" class=\"wp-image-2158\" style=\"width: 85px;\" src=\"https:\/\/i0.wp.com\/santabarbara.gob.ec\/sbep\/wp-content\/uploads\/2023\/04\/2023.png?w=1099&#038;ssl=1\" alt=\"\"><a href=\"https:\/\/santabarbara.gob.ec\/sbep\/lotaip-2023\/lotaip-noviembre-2023\/\" data-type=\"link\" data-id=\"https:\/\/santabarbara.gob.ec\/sbep\/lotaip-2023\/lotaip-septiembre-2023\/\">NOVIEMBRE Ley Org\u00e1nica de transparencia y acceso a la informaci\u00f3n p\u00fablica.<\/a><\/p>\n\n\n\n<p class=\"\"><img data-recalc-dims=\"1\" decoding=\"async\" class=\"wp-image-2158\" style=\"width: 85px;\" src=\"https:\/\/i0.wp.com\/santabarbara.gob.ec\/sbep\/wp-content\/uploads\/2023\/04\/2023.png?w=1099&#038;ssl=1\" alt=\"\"><a href=\"https:\/\/santabarbara.gob.ec\/sbep\/lotaip-2023\/lotaip-octubre-2023\/\" data-type=\"link\" data-id=\"https:\/\/santabarbara.gob.ec\/sbep\/lotaip-2023\/lotaip-septiembre-2023\/\">OCTUBRE Ley Org\u00e1nica de transparencia y acceso a la informaci\u00f3n p\u00fablica.<\/a><\/p>\n\n\n\n<p class=\"\"><img data-recalc-dims=\"1\" decoding=\"async\" class=\"wp-image-2158\" style=\"width: 85px;\" src=\"https:\/\/i0.wp.com\/santabarbara.gob.ec\/sbep\/wp-content\/uploads\/2023\/04\/2023.png?w=1099&#038;ssl=1\" alt=\"\"><a href=\"https:\/\/santabarbara.gob.ec\/sbep\/lotaip-2023\/lotaip-septiembre-2023\/\" data-type=\"link\" data-id=\"https:\/\/santabarbara.gob.ec\/sbep\/lotaip-2023\/lotaip-septiembre-2023\/\">SEPTIEMBRE Ley Org\u00e1nica de transparencia y acceso a la informaci\u00f3n p\u00fablica.<\/a><\/p>\n\n\n\n<p class=\"\"><img data-recalc-dims=\"1\" decoding=\"async\" class=\"wp-image-2158\" style=\"width: 85px;\" src=\"https:\/\/i0.wp.com\/santabarbara.gob.ec\/sbep\/wp-content\/uploads\/2023\/04\/2023.png?w=1099&#038;ssl=1\" alt=\"\"><a href=\"https:\/\/santabarbara.gob.ec\/sbep\/lotaip-2023\/lotaip-agosto-2023\/\">AGOSTO Ley Org\u00e1nica de transparencia y acceso a la informaci\u00f3n p\u00fablica.<\/a><\/p>\n\n\n\n<p class=\"\"><strong>  <\/strong><img data-recalc-dims=\"1\" decoding=\"async\" class=\"wp-image-2158\" style=\"width: 85px;\" src=\"https:\/\/i0.wp.com\/santabarbara.gob.ec\/sbep\/wp-content\/uploads\/2023\/04\/2023.png?w=1099&#038;ssl=1\" alt=\"\"><a href=\"https:\/\/santabarbara.gob.ec\/sbep\/lotaip-2023\/lotaip-julio-2023-3\" data-type=\"link\" data-id=\"https:\/\/santabarbara.gob.ec\/sbep\/lotaip-2023\/lotaip-julio-2023-3\">JULIO  Ley Org\u00e1nica de transparencia y <\/a><a href=\"https:\/\/santabarbara.gob.ec\/sbep\/lotaip-2023\/lotaip-julio-2023-\" data-type=\"page\" data-id=\"2892\">acceso <\/a><a href=\"https:\/\/santabarbara.gob.ec\/sbep\/lotaip-2023\/lotaip-julio-2023\" data-type=\"page\" data-id=\"2892\">a la informaci\u00f3n p\u00fablica.<\/a><\/p>\n\n\n\n<p class=\"\"><img data-recalc-dims=\"1\" decoding=\"async\" class=\"wp-image-2158\" style=\"width: 85px;\" src=\"https:\/\/i0.wp.com\/santabarbara.gob.ec\/sbep\/wp-content\/uploads\/2023\/04\/2023.png?w=1099&#038;ssl=1\" alt=\"\"><strong>  <\/strong><a href=\"https:\/\/santabarbara.gob.ec\/sbep\/lotaip-2023\/lotaip-mayo-2023\/\" data-type=\"page\" data-id=\"2892\">JUNIO  Ley Org\u00e1nica de transparencia y acceso a la informaci\u00f3n p\u00fablica.<\/a><\/p>\n\n\n\n<p class=\"\"><img data-recalc-dims=\"1\" decoding=\"async\" class=\"wp-image-2158\" style=\"width: 85px;\" src=\"https:\/\/i0.wp.com\/santabarbara.gob.ec\/sbep\/wp-content\/uploads\/2023\/04\/2023.png?w=1099&#038;ssl=1\" alt=\"\"><strong>  <\/strong><a href=\"https:\/\/santabarbara.gob.ec\/sbep\/lotaip-2023\/lotaip-abril-2023\/\" data-type=\"page\" data-id=\"2845\">MAYO  Ley Org\u00e1nica de transparencia y acceso a la informaci\u00f3n p\u00fablica.<\/a><\/p>\n\n\n\n<p class=\"\"><img data-recalc-dims=\"1\" decoding=\"async\" class=\"wp-image-2158\" style=\"width: 85px;\" src=\"https:\/\/i0.wp.com\/santabarbara.gob.ec\/sbep\/wp-content\/uploads\/2023\/04\/2023.png?w=1099&#038;ssl=1\" alt=\"\"><strong>  <\/strong><a href=\"https:\/\/santabarbara.gob.ec\/sbep\/lotaip-2023\/lotaip-marzo-2023\/\">ABRIL  Ley Org\u00e1nica de transparencia y acceso a la informaci\u00f3n p\u00fablica.<\/a><\/p>\n\n\n\n<p class=\"\"><img data-recalc-dims=\"1\" decoding=\"async\" class=\"wp-image-2158\" style=\"width: 85px;\" src=\"https:\/\/i0.wp.com\/santabarbara.gob.ec\/sbep\/wp-content\/uploads\/2023\/04\/2023.png?w=1099&#038;ssl=1\" alt=\"\"><strong>  <\/strong><a href=\"https:\/\/santabarbara.gob.ec\/sbep\/lotaip-2023\/lotaip-febrero-2023\/\" data-type=\"page\" data-id=\"2776\">MARZO Ley Org\u00e1nica de transparencia y acceso a la informaci\u00f3n p\u00fablica.<\/a><\/p>\n\n\n\n<p class=\"\"><img data-recalc-dims=\"1\" decoding=\"async\" class=\"wp-image-2158\" style=\"width: 85px;\" src=\"https:\/\/i0.wp.com\/santabarbara.gob.ec\/sbep\/wp-content\/uploads\/2023\/04\/2023.png?w=1099&#038;ssl=1\" alt=\"\"><strong>  <\/strong><a rel=\"noreferrer noopener\" href=\"https:\/\/santabarbara.gob.ec\/sbep\/lotaip-enero-2023\" data-type=\"URL\" data-id=\"https:\/\/santabarbara.gob.ec\/sbep\/lotaip-enero-2023\" target=\"_blank\">FEBRERO Ley Org\u00e1nica de transparencia y acceso a la informaci\u00f3n p\u00fablica<\/a><a rel=\"noreferrer noopener\" href=\"https:\/\/santabarbara.gob.ec\/sbep\/lotaip-enero-2021\/\" target=\"_blank\">.<\/a><\/p>\n<cite><img data-recalc-dims=\"1\" decoding=\"async\" class=\"wp-image-2158\" style=\"width: 85px;\" src=\"https:\/\/i0.wp.com\/santabarbara.gob.ec\/sbep\/wp-content\/uploads\/2023\/04\/2023.png?w=1099&#038;ssl=1\" alt=\"\"><a href=\"https:\/\/santabarbara.gob.ec\/sbep\/lotaip-enero-2023_2\" target=\"_blank\" rel=\"noreferrer noopener\">ENERO Ley Org\u00e1nica de transparencia y acceso a la informaci\u00f3n p\u00fablica<\/a><a href=\"https:\/\/santabarbara.gob.ec\/sbep\/lotaip-enero-2021\/\" target=\"_blank\" rel=\"noreferrer noopener\">.<\/a><br><\/cite><\/blockquote>\n<\/div><\/div>\n\n\n\n<p class=\"\"><\/p>\n\n\n\n<div class=\"wp-block-group\"><div class=\"wp-block-group__inner-container is-layout-flow wp-block-group-is-layout-flow\">\n<blockquote class=\"is-style-default wp-block-quote is-layout-flow wp-block-quote-is-layout-flow\">\n<p class=\"\"><\/p>\n\n\n\n<p class=\"\"><\/p>\n<\/blockquote>\n<\/div><\/div>\n\n\n\n<p class=\"\"><\/p>\n<\/div>\n<\/div>\n\n\n\n<p class=\"\"><\/p>\n","protected":false},"excerpt":{"rendered":"<p>DICIEMBRE Ley Org\u00e1nica de transparencia y acceso a la informaci\u00f3n p\u00fablica. NOVIEMBRE Ley Org\u00e1nica de transparencia y acceso a la informaci\u00f3n p\u00fablica. OCTUBRE Ley Org\u00e1nica de transparencia y acceso a la informaci\u00f3n p\u00fablica. SEPTIEMBRE Ley Org\u00e1nica de transparencia y acceso a la informaci\u00f3n p\u00fablica. AGOSTO Ley Org\u00e1nica de transparencia y acceso a la informaci\u00f3n p\u00fablica. [&hellip;]<\/p>\n","protected":false},"author":1,"featured_media":0,"parent":0,"menu_order":0,"comment_status":"closed","ping_status":"closed","template":"","meta":{"nf_dc_page":"","om_disable_all_campaigns":false,"footnotes":""},"class_list":["post-2741","page","type-page","status-publish","hentry"],"jetpack_sharing_enabled":true,"_links":{"self":[{"href":"https:\/\/santabarbara.gob.ec\/sbep\/wp-json\/wp\/v2\/pages\/2741","targetHints":{"allow":["GET"]}}],"collection":[{"href":"https:\/\/santabarbara.gob.ec\/sbep\/wp-json\/wp\/v2\/pages"}],"about":[{"href":"https:\/\/santabarbara.gob.ec\/sbep\/wp-json\/wp\/v2\/types\/page"}],"author":[{"embeddable":true,"href":"https:\/\/santabarbara.gob.ec\/sbep\/wp-json\/wp\/v2\/users\/1"}],"replies":[{"embeddable":true,"href":"https:\/\/santabarbara.gob.ec\/sbep\/wp-json\/wp\/v2\/comments?post=2741"}],"version-history":[{"count":5,"href":"https:\/\/santabarbara.gob.ec\/sbep\/wp-json\/wp\/v2\/pages\/2741\/revisions"}],"predecessor-version":[{"id":3590,"href":"https:\/\/santabarbara.gob.ec\/sbep\/wp-json\/wp\/v2\/pages\/2741\/revisions\/3590"}],"wp:attachment":[{"href":"https:\/\/santabarbara.gob.ec\/sbep\/wp-json\/wp\/v2\/media?parent=2741"}],"curies":[{"name":"wp","href":"https:\/\/api.w.org\/{rel}","templated":true}]}}