{"id":3165,"date":"2024-01-31T21:38:07","date_gmt":"2024-01-31T21:38:07","guid":{"rendered":"https:\/\/santabarbara.gob.ec\/sbep\/?page_id=3165"},"modified":"2025-01-06T16:26:19","modified_gmt":"2025-01-06T16:26:19","slug":"lotaip-2024","status":"publish","type":"page","link":"https:\/\/santabarbara.gob.ec\/sbep\/lotaip-2024\/","title":{"rendered":"LOTAIP 2024"},"content":{"rendered":"\n<div class=\"wp-block-columns is-layout-flex wp-container-core-columns-is-layout-9d6595d7 wp-block-columns-is-layout-flex\">\n<div class=\"wp-block-column is-layout-flow wp-block-column-is-layout-flow\" style=\"flex-basis:100%\">\n<div class=\"wp-block-group\"><div class=\"wp-block-group__inner-container is-layout-constrained wp-block-group-is-layout-constrained\"><\/div><\/div>\n\n\n\n<p class=\"\"><\/p>\n\n\n\n<div class=\"wp-block-group\"><div class=\"wp-block-group__inner-container is-layout-flow wp-block-group-is-layout-flow\"><\/div><\/div>\n\n\n\n<p class=\"\"><\/p>\n\n\n\n<p class=\"\"><\/p>\n\n\n\n<p class=\"\"><\/p>\n\n\n\n<div class=\"wp-block-group\"><div class=\"wp-block-group__inner-container is-layout-flow wp-block-group-is-layout-flow\">\n<blockquote class=\"is-style-default wp-block-quote is-layout-flow wp-block-quote-is-layout-flow\">\n<p class=\"\"><\/p>\n\n\n\n<p class=\"\"><\/p>\n<cite><img data-recalc-dims=\"1\" loading=\"lazy\" decoding=\"async\" width=\"60\" height=\"60\" class=\"wp-image-3597\" style=\"width: 60px;\" src=\"https:\/\/i0.wp.com\/santabarbara.gob.ec\/sbep\/wp-content\/uploads\/2024\/03\/2024.jpeg?resize=60%2C60&#038;ssl=1\" alt=\"\" srcset=\"https:\/\/i0.wp.com\/santabarbara.gob.ec\/sbep\/wp-content\/uploads\/2024\/03\/2024.jpeg?w=1182&amp;ssl=1 1182w, https:\/\/i0.wp.com\/santabarbara.gob.ec\/sbep\/wp-content\/uploads\/2024\/03\/2024.jpeg?resize=300%2C300&amp;ssl=1 300w, https:\/\/i0.wp.com\/santabarbara.gob.ec\/sbep\/wp-content\/uploads\/2024\/03\/2024.jpeg?resize=1024%2C1024&amp;ssl=1 1024w, https:\/\/i0.wp.com\/santabarbara.gob.ec\/sbep\/wp-content\/uploads\/2024\/03\/2024.jpeg?resize=150%2C150&amp;ssl=1 150w, https:\/\/i0.wp.com\/santabarbara.gob.ec\/sbep\/wp-content\/uploads\/2024\/03\/2024.jpeg?resize=768%2C768&amp;ssl=1 768w, https:\/\/i0.wp.com\/santabarbara.gob.ec\/sbep\/wp-content\/uploads\/2024\/03\/2024.jpeg?resize=100%2C100&amp;ssl=1 100w\" sizes=\"auto, (max-width: 60px) 100vw, 60px\" \/><a href=\"https:\/\/santabarbara.gob.ec\/sbep\/lotaip-enero-2024\" target=\"_blank\" rel=\"noreferrer noopener\">ENERO Ley Org\u00e1nica de transparencia y acceso a la informaci\u00f3n p\u00fablica<\/a><a href=\"https:\/\/santabarbara.gob.ec\/sbep\/lotaip-enero-2021\/\" target=\"_blank\" rel=\"noreferrer noopener\">.<\/a><br><br><img data-recalc-dims=\"1\" loading=\"lazy\" decoding=\"async\" width=\"60\" height=\"60\" class=\"wp-image-3597\" style=\"width: 60px;\" src=\"https:\/\/i0.wp.com\/santabarbara.gob.ec\/sbep\/wp-content\/uploads\/2024\/03\/2024.jpeg?resize=60%2C60&#038;ssl=1\" alt=\"\" srcset=\"https:\/\/i0.wp.com\/santabarbara.gob.ec\/sbep\/wp-content\/uploads\/2024\/03\/2024.jpeg?w=1182&amp;ssl=1 1182w, https:\/\/i0.wp.com\/santabarbara.gob.ec\/sbep\/wp-content\/uploads\/2024\/03\/2024.jpeg?resize=300%2C300&amp;ssl=1 300w, https:\/\/i0.wp.com\/santabarbara.gob.ec\/sbep\/wp-content\/uploads\/2024\/03\/2024.jpeg?resize=1024%2C1024&amp;ssl=1 1024w, https:\/\/i0.wp.com\/santabarbara.gob.ec\/sbep\/wp-content\/uploads\/2024\/03\/2024.jpeg?resize=150%2C150&amp;ssl=1 150w, https:\/\/i0.wp.com\/santabarbara.gob.ec\/sbep\/wp-content\/uploads\/2024\/03\/2024.jpeg?resize=768%2C768&amp;ssl=1 768w, https:\/\/i0.wp.com\/santabarbara.gob.ec\/sbep\/wp-content\/uploads\/2024\/03\/2024.jpeg?resize=100%2C100&amp;ssl=1 100w\" sizes=\"auto, (max-width: 60px) 100vw, 60px\" \/><a href=\"https:\/\/santabarbara.gob.ec\/sbep\/lotaip-febrero-2024\" target=\"_blank\" rel=\"noreferrer noopener\">FEBRERO Ley Org\u00e1nica de transparencia y acceso a la informaci\u00f3n p\u00fablica<\/a><a href=\"https:\/\/santabarbara.gob.ec\/sbep\/lotaip-enero-2021\/\" target=\"_blank\" rel=\"noreferrer noopener\">.<\/a><br><br><img data-recalc-dims=\"1\" loading=\"lazy\" decoding=\"async\" width=\"60\" height=\"60\" class=\"wp-image-3597\" style=\"width: 60px;\" src=\"https:\/\/i0.wp.com\/santabarbara.gob.ec\/sbep\/wp-content\/uploads\/2024\/03\/2024.jpeg?resize=60%2C60&#038;ssl=1\" alt=\"\" srcset=\"https:\/\/i0.wp.com\/santabarbara.gob.ec\/sbep\/wp-content\/uploads\/2024\/03\/2024.jpeg?w=1182&amp;ssl=1 1182w, https:\/\/i0.wp.com\/santabarbara.gob.ec\/sbep\/wp-content\/uploads\/2024\/03\/2024.jpeg?resize=300%2C300&amp;ssl=1 300w, https:\/\/i0.wp.com\/santabarbara.gob.ec\/sbep\/wp-content\/uploads\/2024\/03\/2024.jpeg?resize=1024%2C1024&amp;ssl=1 1024w, https:\/\/i0.wp.com\/santabarbara.gob.ec\/sbep\/wp-content\/uploads\/2024\/03\/2024.jpeg?resize=150%2C150&amp;ssl=1 150w, https:\/\/i0.wp.com\/santabarbara.gob.ec\/sbep\/wp-content\/uploads\/2024\/03\/2024.jpeg?resize=768%2C768&amp;ssl=1 768w, https:\/\/i0.wp.com\/santabarbara.gob.ec\/sbep\/wp-content\/uploads\/2024\/03\/2024.jpeg?resize=100%2C100&amp;ssl=1 100w\" sizes=\"auto, (max-width: 60px) 100vw, 60px\" \/><a href=\"https:\/\/santabarbara.gob.ec\/sbep\/lotaip-marzo-2024\" target=\"_blank\" rel=\"noreferrer noopener\">MARZO Ley Org\u00e1nica de transparencia y acceso a la informaci\u00f3n p\u00fablica<\/a><a href=\"https:\/\/santabarbara.gob.ec\/sbep\/lotaip-enero-2021\/\" target=\"_blank\" rel=\"noreferrer noopener\">.<\/a><br><br><br><img data-recalc-dims=\"1\" loading=\"lazy\" decoding=\"async\" width=\"60\" height=\"60\" class=\"wp-image-3597\" style=\"width: 60px;\" src=\"https:\/\/i0.wp.com\/santabarbara.gob.ec\/sbep\/wp-content\/uploads\/2024\/03\/2024.jpeg?resize=60%2C60&#038;ssl=1\" alt=\"\" srcset=\"https:\/\/i0.wp.com\/santabarbara.gob.ec\/sbep\/wp-content\/uploads\/2024\/03\/2024.jpeg?w=1182&amp;ssl=1 1182w, https:\/\/i0.wp.com\/santabarbara.gob.ec\/sbep\/wp-content\/uploads\/2024\/03\/2024.jpeg?resize=300%2C300&amp;ssl=1 300w, https:\/\/i0.wp.com\/santabarbara.gob.ec\/sbep\/wp-content\/uploads\/2024\/03\/2024.jpeg?resize=1024%2C1024&amp;ssl=1 1024w, https:\/\/i0.wp.com\/santabarbara.gob.ec\/sbep\/wp-content\/uploads\/2024\/03\/2024.jpeg?resize=150%2C150&amp;ssl=1 150w, https:\/\/i0.wp.com\/santabarbara.gob.ec\/sbep\/wp-content\/uploads\/2024\/03\/2024.jpeg?resize=768%2C768&amp;ssl=1 768w, https:\/\/i0.wp.com\/santabarbara.gob.ec\/sbep\/wp-content\/uploads\/2024\/03\/2024.jpeg?resize=100%2C100&amp;ssl=1 100w\" sizes=\"auto, (max-width: 60px) 100vw, 60px\" \/><a href=\"https:\/\/santabarbara.gob.ec\/sbep\/lotaip-abril-2024\/\">ABRIL Ley Org\u00e1nica de transparencia y acceso a la informaci\u00f3n p\u00fablica.<\/a><br><br><img data-recalc-dims=\"1\" loading=\"lazy\" decoding=\"async\" width=\"60\" height=\"60\" class=\"wp-image-3597\" style=\"width: 60px;\" src=\"https:\/\/i0.wp.com\/santabarbara.gob.ec\/sbep\/wp-content\/uploads\/2024\/03\/2024.jpeg?resize=60%2C60&#038;ssl=1\" alt=\"\" srcset=\"https:\/\/i0.wp.com\/santabarbara.gob.ec\/sbep\/wp-content\/uploads\/2024\/03\/2024.jpeg?w=1182&amp;ssl=1 1182w, https:\/\/i0.wp.com\/santabarbara.gob.ec\/sbep\/wp-content\/uploads\/2024\/03\/2024.jpeg?resize=300%2C300&amp;ssl=1 300w, https:\/\/i0.wp.com\/santabarbara.gob.ec\/sbep\/wp-content\/uploads\/2024\/03\/2024.jpeg?resize=1024%2C1024&amp;ssl=1 1024w, https:\/\/i0.wp.com\/santabarbara.gob.ec\/sbep\/wp-content\/uploads\/2024\/03\/2024.jpeg?resize=150%2C150&amp;ssl=1 150w, https:\/\/i0.wp.com\/santabarbara.gob.ec\/sbep\/wp-content\/uploads\/2024\/03\/2024.jpeg?resize=768%2C768&amp;ssl=1 768w, https:\/\/i0.wp.com\/santabarbara.gob.ec\/sbep\/wp-content\/uploads\/2024\/03\/2024.jpeg?resize=100%2C100&amp;ssl=1 100w\" sizes=\"auto, (max-width: 60px) 100vw, 60px\" \/><a href=\"https:\/\/santabarbara.gob.ec\/sbep\/wp-content\/uploads\/2024\/06\/MatrizMensual_Mayo-2024.pdf\">MAYO Ley Org\u00e1nica de transparencia y acceso a la informaci\u00f3n p\u00fablica.<\/a><br><br><img data-recalc-dims=\"1\" loading=\"lazy\" decoding=\"async\" width=\"60\" height=\"60\" class=\"wp-image-3597\" style=\"width: 60px;\" src=\"https:\/\/i0.wp.com\/santabarbara.gob.ec\/sbep\/wp-content\/uploads\/2024\/03\/2024.jpeg?resize=60%2C60&#038;ssl=1\" alt=\"\" srcset=\"https:\/\/i0.wp.com\/santabarbara.gob.ec\/sbep\/wp-content\/uploads\/2024\/03\/2024.jpeg?w=1182&amp;ssl=1 1182w, https:\/\/i0.wp.com\/santabarbara.gob.ec\/sbep\/wp-content\/uploads\/2024\/03\/2024.jpeg?resize=300%2C300&amp;ssl=1 300w, https:\/\/i0.wp.com\/santabarbara.gob.ec\/sbep\/wp-content\/uploads\/2024\/03\/2024.jpeg?resize=1024%2C1024&amp;ssl=1 1024w, https:\/\/i0.wp.com\/santabarbara.gob.ec\/sbep\/wp-content\/uploads\/2024\/03\/2024.jpeg?resize=150%2C150&amp;ssl=1 150w, https:\/\/i0.wp.com\/santabarbara.gob.ec\/sbep\/wp-content\/uploads\/2024\/03\/2024.jpeg?resize=768%2C768&amp;ssl=1 768w, https:\/\/i0.wp.com\/santabarbara.gob.ec\/sbep\/wp-content\/uploads\/2024\/03\/2024.jpeg?resize=100%2C100&amp;ssl=1 100w\" sizes=\"auto, (max-width: 60px) 100vw, 60px\" \/><a href=\"https:\/\/santabarbara.gob.ec\/sbep\/wp-content\/uploads\/2024\/07\/MATRIZ_LOTAIP_JUNIO.pdf\">JUNIO Ley Org\u00e1nica de transparencia y acceso a la informaci\u00f3n p\u00fablica.<\/a><br><br><img data-recalc-dims=\"1\" loading=\"lazy\" decoding=\"async\" width=\"60\" height=\"60\" class=\"wp-image-3597\" style=\"width: 60px;\" src=\"https:\/\/i0.wp.com\/santabarbara.gob.ec\/sbep\/wp-content\/uploads\/2024\/03\/2024.jpeg?resize=60%2C60&#038;ssl=1\" alt=\"\" srcset=\"https:\/\/i0.wp.com\/santabarbara.gob.ec\/sbep\/wp-content\/uploads\/2024\/03\/2024.jpeg?w=1182&amp;ssl=1 1182w, https:\/\/i0.wp.com\/santabarbara.gob.ec\/sbep\/wp-content\/uploads\/2024\/03\/2024.jpeg?resize=300%2C300&amp;ssl=1 300w, https:\/\/i0.wp.com\/santabarbara.gob.ec\/sbep\/wp-content\/uploads\/2024\/03\/2024.jpeg?resize=1024%2C1024&amp;ssl=1 1024w, https:\/\/i0.wp.com\/santabarbara.gob.ec\/sbep\/wp-content\/uploads\/2024\/03\/2024.jpeg?resize=150%2C150&amp;ssl=1 150w, https:\/\/i0.wp.com\/santabarbara.gob.ec\/sbep\/wp-content\/uploads\/2024\/03\/2024.jpeg?resize=768%2C768&amp;ssl=1 768w, https:\/\/i0.wp.com\/santabarbara.gob.ec\/sbep\/wp-content\/uploads\/2024\/03\/2024.jpeg?resize=100%2C100&amp;ssl=1 100w\" sizes=\"auto, (max-width: 60px) 100vw, 60px\" \/><a href=\"https:\/\/santabarbara.gob.ec\/sbep\/wp-content\/uploads\/2024\/07\/MATRIZ_LOTAIP_JUNIO.pdf\">JULIO Ley Org\u00e1nica de transparencia y acceso a la informaci\u00f3n p\u00fablica.<\/a><\/cite><\/blockquote>\n<\/div><\/div>\n\n\n\n<p class=\"\"><img data-recalc-dims=\"1\" loading=\"lazy\" decoding=\"async\" width=\"60\" height=\"60\" class=\"wp-image-3597\" style=\"width: 60px;\" src=\"https:\/\/i0.wp.com\/santabarbara.gob.ec\/sbep\/wp-content\/uploads\/2024\/03\/2024.jpeg?resize=60%2C60&#038;ssl=1\" alt=\"\" srcset=\"https:\/\/i0.wp.com\/santabarbara.gob.ec\/sbep\/wp-content\/uploads\/2024\/03\/2024.jpeg?w=1182&amp;ssl=1 1182w, https:\/\/i0.wp.com\/santabarbara.gob.ec\/sbep\/wp-content\/uploads\/2024\/03\/2024.jpeg?resize=300%2C300&amp;ssl=1 300w, https:\/\/i0.wp.com\/santabarbara.gob.ec\/sbep\/wp-content\/uploads\/2024\/03\/2024.jpeg?resize=1024%2C1024&amp;ssl=1 1024w, https:\/\/i0.wp.com\/santabarbara.gob.ec\/sbep\/wp-content\/uploads\/2024\/03\/2024.jpeg?resize=150%2C150&amp;ssl=1 150w, https:\/\/i0.wp.com\/santabarbara.gob.ec\/sbep\/wp-content\/uploads\/2024\/03\/2024.jpeg?resize=768%2C768&amp;ssl=1 768w, https:\/\/i0.wp.com\/santabarbara.gob.ec\/sbep\/wp-content\/uploads\/2024\/03\/2024.jpeg?resize=100%2C100&amp;ssl=1 100w\" sizes=\"auto, (max-width: 60px) 100vw, 60px\" \/>AGOSTO Ley Org\u00e1nica de transparencia y acceso a la informaci\u00f3n p\u00fablica.<\/p>\n\n\n\n<div class=\"wp-block-group\"><div class=\"wp-block-group__inner-container is-layout-flow wp-block-group-is-layout-flow\">\n<blockquote class=\"is-style-default wp-block-quote is-layout-flow wp-block-quote-is-layout-flow\">\n<p class=\"\"><img data-recalc-dims=\"1\" loading=\"lazy\" decoding=\"async\" width=\"60\" height=\"60\" class=\"wp-image-3597\" style=\"width: 60px;\" src=\"https:\/\/i0.wp.com\/santabarbara.gob.ec\/sbep\/wp-content\/uploads\/2024\/03\/2024.jpeg?resize=60%2C60&#038;ssl=1\" alt=\"\" srcset=\"https:\/\/i0.wp.com\/santabarbara.gob.ec\/sbep\/wp-content\/uploads\/2024\/03\/2024.jpeg?w=1182&amp;ssl=1 1182w, https:\/\/i0.wp.com\/santabarbara.gob.ec\/sbep\/wp-content\/uploads\/2024\/03\/2024.jpeg?resize=300%2C300&amp;ssl=1 300w, https:\/\/i0.wp.com\/santabarbara.gob.ec\/sbep\/wp-content\/uploads\/2024\/03\/2024.jpeg?resize=1024%2C1024&amp;ssl=1 1024w, https:\/\/i0.wp.com\/santabarbara.gob.ec\/sbep\/wp-content\/uploads\/2024\/03\/2024.jpeg?resize=150%2C150&amp;ssl=1 150w, https:\/\/i0.wp.com\/santabarbara.gob.ec\/sbep\/wp-content\/uploads\/2024\/03\/2024.jpeg?resize=768%2C768&amp;ssl=1 768w, https:\/\/i0.wp.com\/santabarbara.gob.ec\/sbep\/wp-content\/uploads\/2024\/03\/2024.jpeg?resize=100%2C100&amp;ssl=1 100w\" sizes=\"auto, (max-width: 60px) 100vw, 60px\" \/><a href=\"https:\/\/transparencia.dpe.gob.ec\/entidades\/EdMSBE-yjcw\" target=\"_blank\" rel=\"noreferrer noopener\">SEPTIEMBRE Ley Org\u00e1nica de transparencia y acceso a la informaci\u00f3n p\u00fablica.<\/a><\/p>\n\n\n\n<p class=\"\"><img data-recalc-dims=\"1\" loading=\"lazy\" decoding=\"async\" width=\"60\" height=\"60\" class=\"wp-image-3597\" style=\"width: 60px;\" src=\"https:\/\/i0.wp.com\/santabarbara.gob.ec\/sbep\/wp-content\/uploads\/2024\/03\/2024.jpeg?resize=60%2C60&#038;ssl=1\" alt=\"\" srcset=\"https:\/\/i0.wp.com\/santabarbara.gob.ec\/sbep\/wp-content\/uploads\/2024\/03\/2024.jpeg?w=1182&amp;ssl=1 1182w, https:\/\/i0.wp.com\/santabarbara.gob.ec\/sbep\/wp-content\/uploads\/2024\/03\/2024.jpeg?resize=300%2C300&amp;ssl=1 300w, https:\/\/i0.wp.com\/santabarbara.gob.ec\/sbep\/wp-content\/uploads\/2024\/03\/2024.jpeg?resize=1024%2C1024&amp;ssl=1 1024w, https:\/\/i0.wp.com\/santabarbara.gob.ec\/sbep\/wp-content\/uploads\/2024\/03\/2024.jpeg?resize=150%2C150&amp;ssl=1 150w, https:\/\/i0.wp.com\/santabarbara.gob.ec\/sbep\/wp-content\/uploads\/2024\/03\/2024.jpeg?resize=768%2C768&amp;ssl=1 768w, https:\/\/i0.wp.com\/santabarbara.gob.ec\/sbep\/wp-content\/uploads\/2024\/03\/2024.jpeg?resize=100%2C100&amp;ssl=1 100w\" sizes=\"auto, (max-width: 60px) 100vw, 60px\" \/><a href=\"https:\/\/transparencia.dpe.gob.ec\/entidades\/EdMSBE-yjcw\">OCTUBRE Ley Org\u00e1nica de transparencia y acceso a la informaci\u00f3n p\u00fablica.<\/a><\/p>\n\n\n\n<p class=\"\"><img data-recalc-dims=\"1\" loading=\"lazy\" decoding=\"async\" width=\"60\" height=\"60\" class=\"wp-image-3597\" style=\"width: 60px;\" src=\"https:\/\/i0.wp.com\/santabarbara.gob.ec\/sbep\/wp-content\/uploads\/2024\/03\/2024.jpeg?resize=60%2C60&#038;ssl=1\" alt=\"\" srcset=\"https:\/\/i0.wp.com\/santabarbara.gob.ec\/sbep\/wp-content\/uploads\/2024\/03\/2024.jpeg?w=1182&amp;ssl=1 1182w, https:\/\/i0.wp.com\/santabarbara.gob.ec\/sbep\/wp-content\/uploads\/2024\/03\/2024.jpeg?resize=300%2C300&amp;ssl=1 300w, https:\/\/i0.wp.com\/santabarbara.gob.ec\/sbep\/wp-content\/uploads\/2024\/03\/2024.jpeg?resize=1024%2C1024&amp;ssl=1 1024w, https:\/\/i0.wp.com\/santabarbara.gob.ec\/sbep\/wp-content\/uploads\/2024\/03\/2024.jpeg?resize=150%2C150&amp;ssl=1 150w, https:\/\/i0.wp.com\/santabarbara.gob.ec\/sbep\/wp-content\/uploads\/2024\/03\/2024.jpeg?resize=768%2C768&amp;ssl=1 768w, https:\/\/i0.wp.com\/santabarbara.gob.ec\/sbep\/wp-content\/uploads\/2024\/03\/2024.jpeg?resize=100%2C100&amp;ssl=1 100w\" sizes=\"auto, (max-width: 60px) 100vw, 60px\" \/><a href=\"https:\/\/transparencia.dpe.gob.ec\/entidades\/EdMSBE-yjcw\"> NOVIEMBRE Ley Org\u00e1nica de transparencia y acceso a la informaci\u00f3n p\u00fablica.<\/a><\/p>\n\n\n\n<p class=\"\"><\/p>\n<\/blockquote>\n<\/div><\/div>\n\n\n\n<p class=\"\"><\/p>\n<\/div>\n<\/div>\n\n\n\n<p class=\"\"><\/p>\n","protected":false},"excerpt":{"rendered":"<p>AGOSTO Ley Org\u00e1nica de transparencia y acceso a la informaci\u00f3n p\u00fablica. SEPTIEMBRE Ley Org\u00e1nica de transparencia y acceso a la informaci\u00f3n p\u00fablica. OCTUBRE Ley Org\u00e1nica de transparencia y acceso a la informaci\u00f3n p\u00fablica. NOVIEMBRE Ley Org\u00e1nica de transparencia y acceso a la informaci\u00f3n p\u00fablica.<\/p>\n","protected":false},"author":1,"featured_media":0,"parent":0,"menu_order":0,"comment_status":"closed","ping_status":"closed","template":"","meta":{"nf_dc_page":"","om_disable_all_campaigns":false,"footnotes":""},"class_list":["post-3165","page","type-page","status-publish","hentry"],"jetpack_sharing_enabled":true,"_links":{"self":[{"href":"https:\/\/santabarbara.gob.ec\/sbep\/wp-json\/wp\/v2\/pages\/3165","targetHints":{"allow":["GET"]}}],"collection":[{"href":"https:\/\/santabarbara.gob.ec\/sbep\/wp-json\/wp\/v2\/pages"}],"about":[{"href":"https:\/\/santabarbara.gob.ec\/sbep\/wp-json\/wp\/v2\/types\/page"}],"author":[{"embeddable":true,"href":"https:\/\/santabarbara.gob.ec\/sbep\/wp-json\/wp\/v2\/users\/1"}],"replies":[{"embeddable":true,"href":"https:\/\/santabarbara.gob.ec\/sbep\/wp-json\/wp\/v2\/comments?post=3165"}],"version-history":[{"count":8,"href":"https:\/\/santabarbara.gob.ec\/sbep\/wp-json\/wp\/v2\/pages\/3165\/revisions"}],"predecessor-version":[{"id":3840,"href":"https:\/\/santabarbara.gob.ec\/sbep\/wp-json\/wp\/v2\/pages\/3165\/revisions\/3840"}],"wp:attachment":[{"href":"https:\/\/santabarbara.gob.ec\/sbep\/wp-json\/wp\/v2\/media?parent=3165"}],"curies":[{"name":"wp","href":"https:\/\/api.w.org\/{rel}","templated":true}]}}