{"id":3663,"date":"2024-05-14T16:53:38","date_gmt":"2024-05-14T16:53:38","guid":{"rendered":"https:\/\/santabarbara.gob.ec\/sbep\/?page_id=3663"},"modified":"2024-07-03T14:40:20","modified_gmt":"2024-07-03T14:40:20","slug":"rendicion-de-cuentas-2023","status":"publish","type":"page","link":"https:\/\/santabarbara.gob.ec\/sbep\/rendicion-de-cuentas-2023\/","title":{"rendered":"RENDICI\u00d3N DE CUENTAS 2023"},"content":{"rendered":"<div class=\"wp-block-file\"><a id=\"wp-block-file--media-4a215bb8-3d9f-41e8-bc37-c190e419abdc\" href=\"https:\/\/santabarbara.gob.ec\/sbep\/wp-content\/uploads\/2024\/05\/EQUIPO-DE-RENDICION-DE-CUENTAS-2023.pdf\">EQUIPO DE RENDICI\u00d3N DE CUENTAS 2023<\/a><a class=\"wp-block-file__button wp-element-button\" href=\"https:\/\/santabarbara.gob.ec\/sbep\/wp-content\/uploads\/2024\/05\/EQUIPO-DE-RENDICION-DE-CUENTAS-2023.pdf\" download=\"\" aria-describedby=\"wp-block-file--media-4a215bb8-3d9f-41e8-bc37-c190e419abdc\">Descarga<\/a><\/div>\n<div class=\"wp-block-file\"><a id=\"wp-block-file--media-d2690ca7-2e7e-4e81-964e-b100b17cff02\" href=\"https:\/\/santabarbara.gob.ec\/sbep\/wp-content\/uploads\/2024\/05\/CRONOGRAMA-RENDICION-DE-CUENTAS-INF-2023.pdf\">CRONOGRAMA RENDICI\u00d3N DE CUENTAS<\/a><a class=\"wp-block-file__button wp-element-button\" href=\"https:\/\/santabarbara.gob.ec\/sbep\/wp-content\/uploads\/2024\/05\/CRONOGRAMA-RENDICION-DE-CUENTAS-INF-2023.pdf\" download=\"\" aria-describedby=\"wp-block-file--media-d2690ca7-2e7e-4e81-964e-b100b17cff02\">Descarga<\/a><\/div>\n<div class=\"wp-block-file\"><a id=\"wp-block-file--media-075a9d7a-702d-4b4a-96e4-496c5d793f27\" href=\"https:\/\/santabarbara.gob.ec\/sbep\/wp-content\/uploads\/2024\/05\/Invitacion-Rendicion-de-Cuentas-ano-2023.pdf\">INVITACI\u00d3N<\/a><a class=\"wp-block-file__button wp-element-button\" href=\"https:\/\/santabarbara.gob.ec\/sbep\/wp-content\/uploads\/2024\/05\/Invitacion-Rendicion-de-Cuentas-ano-2023.pdf\" download=\"\" aria-describedby=\"wp-block-file--media-075a9d7a-702d-4b4a-96e4-496c5d793f27\">Descarga<\/a><\/div>\n\n\n<div class=\"wp-block-file\"><a id=\"wp-block-file--media-c525e9e0-f602-465e-b553-e8a91e65b0e2\" href=\"https:\/\/santabarbara.gob.ec\/sbep\/wp-content\/uploads\/2024\/07\/RENDICION-DE-CUENTAS-ANO-2023-SBEP.pdf\" target=\"_blank\" rel=\"noreferrer noopener\">PRESENTACI\u00d3N DE RENDICI\u00d3N DE CUENTAS<\/a><a href=\"https:\/\/santabarbara.gob.ec\/sbep\/wp-content\/uploads\/2024\/07\/RENDICION-DE-CUENTAS-ANO-2023-SBEP.pdf\" class=\"wp-block-file__button wp-element-button\" download aria-describedby=\"wp-block-file--media-c525e9e0-f602-465e-b553-e8a91e65b0e2\">Descarga<\/a><\/div>\n\n\n\n<div class=\"wp-block-file\"><a id=\"wp-block-file--media-a25f15e5-e0e2-441b-a307-d64f2f859db1\" href=\"https:\/\/santabarbara.gob.ec\/sbep\/wp-content\/uploads\/2024\/07\/Matriz-Contratacion-Publica_SBEP-2023-1.pdf\" target=\"_blank\" rel=\"noreferrer noopener\">PROCESOS DE CONTRATACI\u00d3N P\u00daBLICA<\/a><a href=\"https:\/\/santabarbara.gob.ec\/sbep\/wp-content\/uploads\/2024\/07\/Matriz-Contratacion-Publica_SBEP-2023-1.pdf\" class=\"wp-block-file__button wp-element-button\" download aria-describedby=\"wp-block-file--media-a25f15e5-e0e2-441b-a307-d64f2f859db1\">Descarga<\/a><\/div>\n\n\n\n<div class=\"wp-block-file\"><a id=\"wp-block-file--media-0797f15d-f248-489f-871e-adbd6325c79f\" href=\"https:\/\/santabarbara.gob.ec\/sbep\/wp-content\/uploads\/2024\/07\/ESTADOS-FINANCIEROS-2023.pdf\">INFORMACI\u00d3N FINANCIERA<\/a><a href=\"https:\/\/santabarbara.gob.ec\/sbep\/wp-content\/uploads\/2024\/07\/ESTADOS-FINANCIEROS-2023.pdf\" class=\"wp-block-file__button wp-element-button\" download aria-describedby=\"wp-block-file--media-0797f15d-f248-489f-871e-adbd6325c79f\">Descarga<\/a><\/div>\n\n\n\n<div class=\"wp-block-file\"><a id=\"wp-block-file--media-0797f15d-f248-489f-871e-adbd6325c79f\" href=\"https:\/\/santabarbara.gob.ec\/sbep\/wp-content\/uploads\/2024\/07\/certificado-iess_empresa_ruc.pdf\">CUMPLIMIENTO DE OBLIGACIONES LABORALES<\/a><a href=\"https:\/\/santabarbara.gob.ec\/sbep\/wp-content\/uploads\/2024\/07\/certificado-iess_empresa_ruc.pdf\" class=\"wp-block-file__button wp-element-button\" download aria-describedby=\"wp-block-file--media-0797f15d-f248-489f-871e-adbd6325c79f\">Descarga<\/a><\/div>\n\n\n\n<div class=\"wp-block-file\"><a id=\"wp-block-file--media-0797f15d-f248-489f-871e-adbd6325c79f\" href=\"https:\/\/santabarbara.gob.ec\/sbep\/wp-content\/uploads\/2024\/06\/Certificado_Cumplimiento_Tributario-15.pdf\">CUMPLIMIENTO DE OBLIGACIONES TRIBUTARIAS<\/a><a href=\"https:\/\/santabarbara.gob.ec\/sbep\/wp-content\/uploads\/2024\/06\/Certificado_Cumplimiento_Tributario-15.pdf\" class=\"wp-block-file__button wp-element-button\" download aria-describedby=\"wp-block-file--media-0797f15d-f248-489f-871e-adbd6325c79f\">Descarga<\/a><\/div>\n\n\n\n<div class=\"wp-block-file\"><a id=\"wp-block-file--media-6afde19b-818e-42c9-8b19-454902006aff\" href=\"https:\/\/santabarbara.gob.ec\/sbep\/wp-content\/uploads\/2024\/07\/FORMULARIO-DE-RENDICION-DE-CUENTAS-2023-CPPCS.pdf\">FORMULARIO DE RENDICI\u00d3N DE CUENTAS CPPCS<\/a><a href=\"https:\/\/santabarbara.gob.ec\/sbep\/wp-content\/uploads\/2024\/07\/FORMULARIO-DE-RENDICION-DE-CUENTAS-2023-CPPCS.pdf\" class=\"wp-block-file__button wp-element-button\" download aria-describedby=\"wp-block-file--media-6afde19b-818e-42c9-8b19-454902006aff\">Descarga<\/a><\/div>\n\n\n\n<div class=\"wp-block-file\"><a id=\"wp-block-file--media-6afde19b-818e-42c9-8b19-454902006aff\" href=\"https:\/\/santabarbara.gob.ec\/sbep\/wp-content\/uploads\/2024\/07\/Informe-de-rendicion-de-cuentas-portal-SBEP-2023.pdf\">INFORME DE RENDICI\u00d3N DE CUENTAS<\/a><a href=\"https:\/\/santabarbara.gob.ec\/sbep\/wp-content\/uploads\/2024\/07\/Informe-de-rendicion-de-cuentas-portal-SBEP-2023.pdf\" class=\"wp-block-file__button wp-element-button\" download aria-describedby=\"wp-block-file--media-6afde19b-818e-42c9-8b19-454902006aff\">Descarga<\/a><\/div>\n\n\n\n<figure class=\"wp-block-video\"><video height=\"720\" style=\"aspect-ratio: 1280 \/ 720;\" width=\"1280\" src=\"https:\/\/santabarbara.gob.ec\/sbep\/wp-content\/uploads\/2022\/03\/RENDICION-DE-CUENTAS-ANO-2021-1.mp4\"><\/video><\/figure>\n\n\n\n<figure class=\"wp-block-video\"><video height=\"720\" style=\"aspect-ratio: 1280 \/ 720;\" width=\"1280\" src=\"https:\/\/santabarbara.gob.ec\/sbep\/wp-content\/uploads\/2022\/03\/RENDICION-DE-CUENTAS-ANO-2021-1.mp4\"><\/video><\/figure>\n","protected":false},"excerpt":{"rendered":"<p>EQUIPO DE RENDICI\u00d3N DE CUENTAS 2023Descarga CRONOGRAMA RENDICI\u00d3N DE CUENTASDescarga INVITACI\u00d3NDescarga PRESENTACI\u00d3N DE RENDICI\u00d3N DE CUENTASDescarga PROCESOS DE CONTRATACI\u00d3N P\u00daBLICADescarga INFORMACI\u00d3N FINANCIERADescarga CUMPLIMIENTO DE OBLIGACIONES LABORALESDescarga CUMPLIMIENTO DE OBLIGACIONES TRIBUTARIASDescarga FORMULARIO DE RENDICI\u00d3N DE CUENTAS CPPCSDescarga INFORME DE RENDICI\u00d3N DE CUENTASDescarga<\/p>\n","protected":false},"author":1,"featured_media":0,"parent":0,"menu_order":0,"comment_status":"closed","ping_status":"closed","template":"","meta":{"nf_dc_page":"","om_disable_all_campaigns":false,"footnotes":""},"class_list":["post-3663","page","type-page","status-publish","hentry"],"jetpack_sharing_enabled":true,"_links":{"self":[{"href":"https:\/\/santabarbara.gob.ec\/sbep\/wp-json\/wp\/v2\/pages\/3663","targetHints":{"allow":["GET"]}}],"collection":[{"href":"https:\/\/santabarbara.gob.ec\/sbep\/wp-json\/wp\/v2\/pages"}],"about":[{"href":"https:\/\/santabarbara.gob.ec\/sbep\/wp-json\/wp\/v2\/types\/page"}],"author":[{"embeddable":true,"href":"https:\/\/santabarbara.gob.ec\/sbep\/wp-json\/wp\/v2\/users\/1"}],"replies":[{"embeddable":true,"href":"https:\/\/santabarbara.gob.ec\/sbep\/wp-json\/wp\/v2\/comments?post=3663"}],"version-history":[{"count":4,"href":"https:\/\/santabarbara.gob.ec\/sbep\/wp-json\/wp\/v2\/pages\/3663\/revisions"}],"predecessor-version":[{"id":3821,"href":"https:\/\/santabarbara.gob.ec\/sbep\/wp-json\/wp\/v2\/pages\/3663\/revisions\/3821"}],"wp:attachment":[{"href":"https:\/\/santabarbara.gob.ec\/sbep\/wp-json\/wp\/v2\/media?parent=3663"}],"curies":[{"name":"wp","href":"https:\/\/api.w.org\/{rel}","templated":true}]}}