{"id":3709,"date":"2024-05-17T20:41:28","date_gmt":"2024-05-17T20:41:28","guid":{"rendered":"https:\/\/santabarbara.gob.ec\/sbep\/?page_id=3709"},"modified":"2024-05-20T19:36:14","modified_gmt":"2024-05-20T19:36:14","slug":"lotaip-abril-2024","status":"publish","type":"page","link":"https:\/\/santabarbara.gob.ec\/sbep\/lotaip-abril-2024\/","title":{"rendered":"LOTAIP ABRIL 2024"},"content":{"rendered":"\n<div class=\"wp-block-group\"><div class=\"wp-block-group__inner-container is-layout-flow wp-block-group-is-layout-flow\"><\/div><\/div>\n\n\n\n<div class=\"wp-block-group\"><div class=\"wp-block-group__inner-container is-layout-flow wp-block-group-is-layout-flow\">\n<div class=\"wp-block-columns is-layout-flex wp-container-core-columns-is-layout-9d6595d7 wp-block-columns-is-layout-flex\">\n<div class=\"wp-block-column is-layout-flow wp-block-column-is-layout-flow\">\n<table width=\"639\">\n<tbody>\n<tr>\n<td width=\"639\">\n<h3><strong>Art\u00edculo No.19<\/strong><\/h3>\n<\/td>\n<\/tr>\n<tr>\n<td><span style=\"color: #3366ff;\"><a style=\"color: #3366ff;\" href=\"https:\/\/transparencia.dpe.gob.ec\/transparencia\/linkMatriz.php?clave=52995\">1-1. Estructura org\u00e1nica funcional.<\/a><\/span><\/td>\n<\/tr>\n<tr>\n<td width=\"639\"><span style=\"color: #3366ff;\"><a style=\"color: #3366ff;\" href=\"https:\/\/transparencia.dpe.gob.ec\/transparencia\/linkMatriz.php?clave=51780\">1-2. <\/a><a class=\"dcjq-parent\" style=\"color: #3366ff;\" href=\"https:\/\/transparencia.dpe.gob.ec\/transparencia\/linkMatriz.php?clave=51780\">Base Legal Regulaciones Procedimientos Internos<\/a><\/span><\/td>\n<\/tr>\n<tr>\n<td><span style=\"color: #3366ff;\"><a style=\"color: #3366ff;\" href=\"https:\/\/transparencia.dpe.gob.ec\/transparencia\/linkMatriz.php?clave=48087\">1.3 Metas y objetivos de las unidades administrativas.<\/a><\/span><\/td>\n<\/tr>\n<tr>\n<td width=\"639\"><span style=\"color: #3366ff;\"><a style=\"color: #3366ff;\" href=\"https:\/\/transparencia.dpe.gob.ec\/transparencia\/linkMatriz.php?clave=53022\">2. El directorio completo del organismo, dependencia y\/o persona jur\u00eddica, as\u00ed como el distributivo del personal y su cargo;<\/a><\/span><\/td>\n<\/tr>\n<tr>\n<td width=\"639\"><span style=\"color: #3366ff;\"><a style=\"color: #3366ff;\" href=\"https:\/\/transparencia.dpe.gob.ec\/transparencia\/linkMatriz.php?clave=53034\">3. <\/a><a class=\"dcjq-parent\" style=\"color: #3366ff;\" href=\"https:\/\/www.dpe.gob.ec\/transparencia-2024\/#\">Remuneraciones ingresos adicionales<\/a><\/span><\/td>\n<\/tr>\n<tr>\n<td width=\"639\"><span style=\"color: #3366ff;\"><a style=\"color: #3366ff;\" href=\"https:\/\/transparencia.dpe.gob.ec\/transparencia\/linkMatriz.php?clave=53058\">4. <\/a><a class=\"dcjq-parent\" style=\"color: #3366ff;\" href=\"https:\/\/www.dpe.gob.ec\/transparencia-2024\/#\">Detalle licencia comisiones<\/a><\/span><\/td>\n<\/tr>\n<tr>\n<td width=\"639\"><span style=\"color: #3366ff;\"><a style=\"color: #3366ff;\" href=\"https:\/\/transparencia.dpe.gob.ec\/transparencia\/linkMatriz.php?clave=52820\">5-22. <\/a><a class=\"dcjq-parent\" style=\"color: #3366ff;\" href=\"https:\/\/www.dpe.gob.ec\/transparencia-2024\/#\">Servicios formularios formatos tr\u00e1mites<\/a><\/span><\/td>\n<\/tr>\n<tr>\n<td width=\"639\"><span style=\"color: #3366ff;\"><a style=\"color: #3366ff;\" href=\"https:\/\/transparencia.dpe.gob.ec\/transparencia\/linkMatriz.php?clave=51950\">6. <\/a><a class=\"dcjq-parent\" style=\"color: #3366ff;\" href=\"https:\/\/www.dpe.gob.ec\/transparencia-2024\/#\">Presupuesto de la instituci\u00f3n<\/a><\/span><\/td>\n<\/tr>\n<tr>\n<td width=\"639\"><span style=\"color: #3366ff;\"><a style=\"color: #3366ff;\" href=\"https:\/\/transparencia.dpe.gob.ec\/transparencia\/linkMatriz.php?clave=52642\">7. <\/a><a class=\"dcjq-parent\" style=\"color: #3366ff;\" href=\"https:\/\/www.dpe.gob.ec\/transparencia-2024\/#\">Resultados de las auditor\u00edas internas y gubernamentales<\/a><a style=\"color: #3366ff;\" href=\"https:\/\/transparencia.dpe.gob.ec\/transparencia\/linkMatriz.php?clave=52642\">.<\/a><\/span><\/td>\n<\/tr>\n<tr>\n<td width=\"639\"><span style=\"color: #3366ff;\"><a style=\"color: #3366ff;\" href=\"https:\/\/transparencia.dpe.gob.ec\/transparencia\/linkMatriz.php?clave=52421\">8. <\/a><a class=\"dcjq-parent\" style=\"color: #3366ff;\" href=\"https:\/\/www.dpe.gob.ec\/transparencia-2024\/#\">Procesos de contrataci\u00f3n publica<\/a><\/span><\/td>\n<\/tr>\n<tr>\n<td width=\"639\"><span style=\"color: #3366ff;\"><a style=\"color: #3366ff;\" href=\"https:\/\/transparencia.dpe.gob.ec\/transparencia\/linkMatriz.php?clave=51817\">9. <\/a><a class=\"dcjq-parent\" style=\"color: #3366ff;\" href=\"https:\/\/www.dpe.gob.ec\/transparencia-2024\/#\">Listado de empresas y personas que han incumplido contratos<\/a><\/span><\/td>\n<\/tr>\n<tr>\n<td width=\"639\"><span style=\"color: #3366ff;\"><a style=\"color: #3366ff;\" href=\"https:\/\/transparencia.dpe.gob.ec\/transparencia\/linkMatriz.php?clave=48464\">10. Planes y programas.<\/a><\/span><\/td>\n<\/tr>\n<tr>\n<td width=\"639\"><span style=\"color: #3366ff;\"><a style=\"color: #3366ff;\" href=\"https:\/\/transparencia.dpe.gob.ec\/transparencia\/linkMatriz.php?clave=51975\">11. <\/a><a class=\"dcjq-parent\" style=\"color: #3366ff;\" href=\"https:\/\/transparencia.dpe.gob.ec\/transparencia\/linkMatriz.php?clave=51975\">Contratos de cr\u00e9dito externos o internos<\/a>.<\/span><\/td>\n<\/tr>\n<tr>\n<td width=\"639\"><span style=\"color: #3366ff;\"><a style=\"color: #3366ff;\" href=\"https:\/\/transparencia.dpe.gob.ec\/transparencia\/linkMatriz.php?clave=51718\">12. <\/a><a class=\"dcjq-parent\" style=\"color: #3366ff;\" href=\"https:\/\/www.dpe.gob.ec\/transparencia-2024\/#\">Mecanismos rendici\u00f3n cuentas<\/a><\/span><\/td>\n<\/tr>\n<tr>\n<td width=\"639\"><span style=\"color: #3366ff;\"><a style=\"color: #3366ff;\" href=\"https:\/\/transparencia.dpe.gob.ec\/transparencia\/linkMatriz.php?clave=52655\">13. <\/a><a class=\"dcjq-parent\" style=\"color: #3366ff;\" href=\"https:\/\/www.dpe.gob.ec\/transparencia-2024\/#\">Vi\u00e1ticos informes de trabajo y justificativos de movilizaci\u00f3n<\/a><\/span><\/td>\n<\/tr>\n<tr>\n<td width=\"639\"><span style=\"color: #3366ff;\"><a style=\"color: #3366ff;\" href=\"https:\/\/transparencia.dpe.gob.ec\/transparencia\/linkMatriz.php?clave=49133\">14. <\/a><a class=\"dcjq-parent\" style=\"color: #3366ff;\" href=\"https:\/\/transparencia.dpe.gob.ec\/transparencia\/linkMatriz.php?clave=49133\">Responsables del acceso de informaci\u00f3n publica<\/a><\/span><\/td>\n<\/tr>\n<tr>\n<td width=\"639\"><span style=\"color: #3366ff;\"><a style=\"color: #3366ff;\" href=\"https:\/\/transparencia.dpe.gob.ec\/transparencia\/linkMatriz.php?clave=51805\">15. <\/a><a class=\"dcjq-parent\" style=\"color: #3366ff;\" href=\"https:\/\/transparencia.dpe.gob.ec\/transparencia\/linkMatriz.php?clave=51805\">Texto \u00edntegro de los contratos colectivos vigentes y reformas<\/a>.<\/span><\/td>\n<\/tr>\n<tr>\n<td width=\"639\"><span style=\"color: #3366ff;\"><a style=\"color: #3366ff;\" href=\"https:\/\/transparencia.dpe.gob.ec\/transparencia\/linkMatriz.php?clave=51823\">16. <\/a><a class=\"dcjq-parent\" style=\"color: #3366ff;\" href=\"https:\/\/www.dpe.gob.ec\/transparencia-2024\/#\">Listado \u00edndice formaci\u00f3n reservada<\/a><\/span><\/td>\n<\/tr>\n<tr>\n<td width=\"639\"><span style=\"color: #3366ff;\"><a style=\"color: #3366ff;\" href=\"https:\/\/transparencia.dpe.gob.ec\/transparencia\/linkMatriz.php?clave=51787\">17. <\/a><a class=\"dcjq-parent active\" style=\"color: #3366ff;\" href=\"https:\/\/transparencia.dpe.gob.ec\/transparencia\/linkMatriz.php?clave=51787\">Detalle de las audiencias y reuniones de autoridades<\/a><\/span><\/td>\n<\/tr>\n<tr>\n<td width=\"639\"><span style=\"color: #3366ff;\"><a style=\"color: #3366ff;\" href=\"https:\/\/transparencia.dpe.gob.ec\/transparencia\/linkMatriz.php?clave=51833\">18. <\/a><a class=\"dcjq-parent\" style=\"color: #3366ff;\" href=\"https:\/\/transparencia.dpe.gob.ec\/transparencia\/linkMatriz.php?clave=51833\">Detalle de convenios nacionales e internacionales<\/a><\/span><\/td>\n<\/tr>\n<tr>\n<td width=\"639\"><span style=\"color: #3366ff;\"><a style=\"color: #3366ff;\" href=\"https:\/\/transparencia.dpe.gob.ec\/transparencia\/linkMatriz.php?clave=52437\">19. <\/a><a class=\"dcjq-parent\" style=\"color: #3366ff;\" href=\"https:\/\/transparencia.dpe.gob.ec\/transparencia\/linkMatriz.php?clave=52437\">Detalle donativos oficiales y protocolares<\/a><\/span><\/td>\n<\/tr>\n<tr>\n<td width=\"639\"><span style=\"color: #3366ff;\"><a style=\"color: #3366ff;\" href=\"https:\/\/transparencia.dpe.gob.ec\/transparencia\/linkMatriz.php?clave=51815\">20. <\/a><a class=\"dcjq-parent\" style=\"color: #3366ff;\" href=\"https:\/\/transparencia.dpe.gob.ec\/transparencia\/linkMatriz.php?clave=51815\">Registro de activos de informaci\u00f3n frecuente y complementaria<\/a>.<\/span><\/td>\n<\/tr>\n<tr>\n<td width=\"639\"><span style=\"color: #3366ff;\"><a style=\"color: #3366ff;\" href=\"https:\/\/transparencia.dpe.gob.ec\/transparencia\/linkMatriz.php?clave=58843\">21. <\/a><a class=\"dcjq-parent\" style=\"color: #3366ff;\" href=\"https:\/\/transparencia.dpe.gob.ec\/transparencia\/linkMatriz.php?clave=58843\">Pol\u00edticas p\u00fablicas o informaci\u00f3n grupo espec\u00edfico.<\/a><\/span><\/td>\n<\/tr>\n<tr>\n<td width=\"639\"><span style=\"color: #3366ff;\"><a style=\"color: #3366ff;\" href=\"https:\/\/transparencia.dpe.gob.ec\/transparencia\/linkMatriz.php?clave=53081\">23. <\/a><a class=\"dcjq-parent\" style=\"color: #3366ff;\" href=\"https:\/\/transparencia.dpe.gob.ec\/transparencia\/linkMatriz.php?clave=53081\">Detalle personas servidoras p\u00fablicas con acciones afirmativas<\/a>.<\/span><\/td>\n<\/tr>\n<tr>\n<td width=\"639\"><span style=\"color: #3366ff;\"><a style=\"color: #3366ff;\" href=\"https:\/\/transparencia.dpe.gob.ec\/transparencia\/linkMatriz.php?clave=52292\">24. I<\/a><a class=\"dcjq-parent\" style=\"color: #3366ff;\" href=\"https:\/\/transparencia.dpe.gob.ec\/transparencia\/linkMatriz.php?clave=52292\">nformaci\u00f3n relevante para el ejercicio de derechos ODS<\/a><\/span><\/td>\n<\/tr>\n<tr>\n<td width=\"639\">\n<h3><strong>Art\u00edculo No.29<\/strong><\/h3>\n<\/td>\n<\/tr>\n<tr>\n<td width=\"639\"><span style=\"color: #3366ff;\"><a style=\"color: #3366ff;\" href=\"https:\/\/transparencia.dpe.gob.ec\/transparencia\/linkMatriz.php?clave=52675\"><span style=\"color: #3366ff;\">29.1 Informaci\u00f3n p\u00fablica de las Empresas P\u00fablicas.<\/span><\/a><\/span><\/td>\n<\/tr>\n<tr>\n<td width=\"639\"><span style=\"color: #3366ff;\"><a style=\"color: #3366ff;\" href=\"https:\/\/transparencia.dpe.gob.ec\/transparencia\/linkMatriz.php?clave=51846\">29.2 Informaci\u00f3n p\u00fablica de las Empresas P\u00fablicas.<\/a><\/span><\/td>\n<\/tr>\n<tr>\n<td width=\"639\"><span style=\"color: #3366ff;\"><a style=\"color: #3366ff;\" href=\"https:\/\/transparencia.dpe.gob.ec\/transparencia\/linkMatriz.php?clave=51853\">29.3 Informaci\u00f3n p\u00fablica de las Empresas P\u00fablicas.<\/a><\/span><\/td>\n<\/tr>\n<\/tbody>\n<\/table>\n<\/div>\n<\/div>\n\n\n\n<p class=\"\"><\/p>\n<\/div><\/div>\n\n\n\n<p class=\"\"><\/p>\n","protected":false},"excerpt":{"rendered":"<p>Art\u00edculo No.19 1-1. Estructura org\u00e1nica funcional. 1-2. Base Legal Regulaciones Procedimientos Internos 1.3 Metas y objetivos de las unidades administrativas. 2. El directorio completo del organismo, dependencia y\/o persona jur\u00eddica, as\u00ed como el distributivo del personal y su cargo; 3. Remuneraciones ingresos adicionales 4. Detalle licencia comisiones 5-22. Servicios formularios formatos tr\u00e1mites 6. Presupuesto de [&hellip;]<\/p>\n","protected":false},"author":1,"featured_media":0,"parent":0,"menu_order":0,"comment_status":"closed","ping_status":"closed","template":"","meta":{"nf_dc_page":"","om_disable_all_campaigns":false,"footnotes":""},"class_list":["post-3709","page","type-page","status-publish","hentry"],"jetpack_sharing_enabled":true,"_links":{"self":[{"href":"https:\/\/santabarbara.gob.ec\/sbep\/wp-json\/wp\/v2\/pages\/3709","targetHints":{"allow":["GET"]}}],"collection":[{"href":"https:\/\/santabarbara.gob.ec\/sbep\/wp-json\/wp\/v2\/pages"}],"about":[{"href":"https:\/\/santabarbara.gob.ec\/sbep\/wp-json\/wp\/v2\/types\/page"}],"author":[{"embeddable":true,"href":"https:\/\/santabarbara.gob.ec\/sbep\/wp-json\/wp\/v2\/users\/1"}],"replies":[{"embeddable":true,"href":"https:\/\/santabarbara.gob.ec\/sbep\/wp-json\/wp\/v2\/comments?post=3709"}],"version-history":[{"count":5,"href":"https:\/\/santabarbara.gob.ec\/sbep\/wp-json\/wp\/v2\/pages\/3709\/revisions"}],"predecessor-version":[{"id":3831,"href":"https:\/\/santabarbara.gob.ec\/sbep\/wp-json\/wp\/v2\/pages\/3709\/revisions\/3831"}],"wp:attachment":[{"href":"https:\/\/santabarbara.gob.ec\/sbep\/wp-json\/wp\/v2\/media?parent=3709"}],"curies":[{"name":"wp","href":"https:\/\/api.w.org\/{rel}","templated":true}]}}