{"id":3842,"date":"2025-02-25T14:05:46","date_gmt":"2025-02-25T14:05:46","guid":{"rendered":"https:\/\/santabarbara.gob.ec\/sbep\/?page_id=3842"},"modified":"2026-01-20T15:51:25","modified_gmt":"2026-01-20T15:51:25","slug":"lotaip-2025","status":"publish","type":"page","link":"https:\/\/santabarbara.gob.ec\/sbep\/transparencia1\/lotaip-2025\/","title":{"rendered":"LOTAIP 2025"},"content":{"rendered":"\n<div class=\"wp-block-columns is-layout-flex wp-container-core-columns-is-layout-9d6595d7 wp-block-columns-is-layout-flex\">\n<div class=\"wp-block-column is-layout-flow wp-block-column-is-layout-flow\" style=\"flex-basis:100%\">\n<p class=\"has-text-align-left\"><img data-recalc-dims=\"1\" loading=\"lazy\" decoding=\"async\" width=\"50\" height=\"49\" class=\"wp-image-3847\" style=\"width: 50px;\" src=\"https:\/\/i0.wp.com\/santabarbara.gob.ec\/sbep\/wp-content\/uploads\/2025\/02\/2025.jpg?resize=50%2C49&#038;ssl=1\" alt=\"\" srcset=\"https:\/\/i0.wp.com\/santabarbara.gob.ec\/sbep\/wp-content\/uploads\/2025\/02\/2025.jpg?w=1180&amp;ssl=1 1180w, https:\/\/i0.wp.com\/santabarbara.gob.ec\/sbep\/wp-content\/uploads\/2025\/02\/2025.jpg?resize=300%2C294&amp;ssl=1 300w, https:\/\/i0.wp.com\/santabarbara.gob.ec\/sbep\/wp-content\/uploads\/2025\/02\/2025.jpg?resize=1024%2C1003&amp;ssl=1 1024w, https:\/\/i0.wp.com\/santabarbara.gob.ec\/sbep\/wp-content\/uploads\/2025\/02\/2025.jpg?resize=150%2C150&amp;ssl=1 150w, https:\/\/i0.wp.com\/santabarbara.gob.ec\/sbep\/wp-content\/uploads\/2025\/02\/2025.jpg?resize=768%2C752&amp;ssl=1 768w, https:\/\/i0.wp.com\/santabarbara.gob.ec\/sbep\/wp-content\/uploads\/2025\/02\/2025.jpg?resize=100%2C100&amp;ssl=1 100w\" sizes=\"auto, (max-width: 50px) 100vw, 50px\" \/><a href=\"https:\/\/transparencia.dpe.gob.ec\/entidades\/EdMSBE-yjcw\">ENERO Ley Org\u00e1nica de transparencia y acceso a la informaci\u00f3n p\u00fablica.<\/a><\/p>\n\n\n\n<p class=\"has-text-align-left\"><img data-recalc-dims=\"1\" loading=\"lazy\" decoding=\"async\" width=\"50\" height=\"49\" class=\"wp-image-3847\" style=\"width: 50px;\" src=\"https:\/\/i0.wp.com\/santabarbara.gob.ec\/sbep\/wp-content\/uploads\/2025\/02\/2025.jpg?resize=50%2C49&#038;ssl=1\" alt=\"\" srcset=\"https:\/\/i0.wp.com\/santabarbara.gob.ec\/sbep\/wp-content\/uploads\/2025\/02\/2025.jpg?w=1180&amp;ssl=1 1180w, https:\/\/i0.wp.com\/santabarbara.gob.ec\/sbep\/wp-content\/uploads\/2025\/02\/2025.jpg?resize=300%2C294&amp;ssl=1 300w, https:\/\/i0.wp.com\/santabarbara.gob.ec\/sbep\/wp-content\/uploads\/2025\/02\/2025.jpg?resize=1024%2C1003&amp;ssl=1 1024w, https:\/\/i0.wp.com\/santabarbara.gob.ec\/sbep\/wp-content\/uploads\/2025\/02\/2025.jpg?resize=150%2C150&amp;ssl=1 150w, https:\/\/i0.wp.com\/santabarbara.gob.ec\/sbep\/wp-content\/uploads\/2025\/02\/2025.jpg?resize=768%2C752&amp;ssl=1 768w, https:\/\/i0.wp.com\/santabarbara.gob.ec\/sbep\/wp-content\/uploads\/2025\/02\/2025.jpg?resize=100%2C100&amp;ssl=1 100w\" sizes=\"auto, (max-width: 50px) 100vw, 50px\" \/><a href=\"https:\/\/transparencia.dpe.gob.ec\/entidades\/1180\">FEBRERO Ley Org\u00e1nica de transparencia y acceso a la informaci\u00f3n p\u00fablica.<\/a><\/p>\n\n\n\n<p class=\"has-text-align-left\"><img data-recalc-dims=\"1\" loading=\"lazy\" decoding=\"async\" width=\"50\" height=\"49\" class=\"wp-image-3847\" style=\"width: 50px;\" src=\"https:\/\/i0.wp.com\/santabarbara.gob.ec\/sbep\/wp-content\/uploads\/2025\/02\/2025.jpg?resize=50%2C49&#038;ssl=1\" alt=\"\" srcset=\"https:\/\/i0.wp.com\/santabarbara.gob.ec\/sbep\/wp-content\/uploads\/2025\/02\/2025.jpg?w=1180&amp;ssl=1 1180w, https:\/\/i0.wp.com\/santabarbara.gob.ec\/sbep\/wp-content\/uploads\/2025\/02\/2025.jpg?resize=300%2C294&amp;ssl=1 300w, https:\/\/i0.wp.com\/santabarbara.gob.ec\/sbep\/wp-content\/uploads\/2025\/02\/2025.jpg?resize=1024%2C1003&amp;ssl=1 1024w, https:\/\/i0.wp.com\/santabarbara.gob.ec\/sbep\/wp-content\/uploads\/2025\/02\/2025.jpg?resize=150%2C150&amp;ssl=1 150w, https:\/\/i0.wp.com\/santabarbara.gob.ec\/sbep\/wp-content\/uploads\/2025\/02\/2025.jpg?resize=768%2C752&amp;ssl=1 768w, https:\/\/i0.wp.com\/santabarbara.gob.ec\/sbep\/wp-content\/uploads\/2025\/02\/2025.jpg?resize=100%2C100&amp;ssl=1 100w\" sizes=\"auto, (max-width: 50px) 100vw, 50px\" \/><a href=\"https:\/\/transparencia.dpe.gob.ec\/entidades\/1180\">MARZO Ley Org\u00e1nica de transparencia y acceso a la informaci\u00f3n p\u00fablica.<\/a><\/p>\n\n\n\n<p class=\"has-text-align-left\"><img data-recalc-dims=\"1\" loading=\"lazy\" decoding=\"async\" width=\"50\" height=\"49\" class=\"wp-image-3847\" style=\"width: 50px;\" src=\"https:\/\/i0.wp.com\/santabarbara.gob.ec\/sbep\/wp-content\/uploads\/2025\/02\/2025.jpg?resize=50%2C49&#038;ssl=1\" alt=\"\" srcset=\"https:\/\/i0.wp.com\/santabarbara.gob.ec\/sbep\/wp-content\/uploads\/2025\/02\/2025.jpg?w=1180&amp;ssl=1 1180w, https:\/\/i0.wp.com\/santabarbara.gob.ec\/sbep\/wp-content\/uploads\/2025\/02\/2025.jpg?resize=300%2C294&amp;ssl=1 300w, https:\/\/i0.wp.com\/santabarbara.gob.ec\/sbep\/wp-content\/uploads\/2025\/02\/2025.jpg?resize=1024%2C1003&amp;ssl=1 1024w, https:\/\/i0.wp.com\/santabarbara.gob.ec\/sbep\/wp-content\/uploads\/2025\/02\/2025.jpg?resize=150%2C150&amp;ssl=1 150w, https:\/\/i0.wp.com\/santabarbara.gob.ec\/sbep\/wp-content\/uploads\/2025\/02\/2025.jpg?resize=768%2C752&amp;ssl=1 768w, https:\/\/i0.wp.com\/santabarbara.gob.ec\/sbep\/wp-content\/uploads\/2025\/02\/2025.jpg?resize=100%2C100&amp;ssl=1 100w\" sizes=\"auto, (max-width: 50px) 100vw, 50px\" \/><a href=\"https:\/\/transparencia.dpe.gob.ec\/entidades\/1180\">ABRIL Ley Org\u00e1nica de transparencia y acceso a la informaci\u00f3n p\u00fablica.<\/a><\/p>\n\n\n\n<p class=\"has-text-align-left\"><img data-recalc-dims=\"1\" loading=\"lazy\" decoding=\"async\" width=\"50\" height=\"49\" class=\"wp-image-3847\" style=\"width: 50px;\" src=\"https:\/\/i0.wp.com\/santabarbara.gob.ec\/sbep\/wp-content\/uploads\/2025\/02\/2025.jpg?resize=50%2C49&#038;ssl=1\" alt=\"\" srcset=\"https:\/\/i0.wp.com\/santabarbara.gob.ec\/sbep\/wp-content\/uploads\/2025\/02\/2025.jpg?w=1180&amp;ssl=1 1180w, https:\/\/i0.wp.com\/santabarbara.gob.ec\/sbep\/wp-content\/uploads\/2025\/02\/2025.jpg?resize=300%2C294&amp;ssl=1 300w, https:\/\/i0.wp.com\/santabarbara.gob.ec\/sbep\/wp-content\/uploads\/2025\/02\/2025.jpg?resize=1024%2C1003&amp;ssl=1 1024w, https:\/\/i0.wp.com\/santabarbara.gob.ec\/sbep\/wp-content\/uploads\/2025\/02\/2025.jpg?resize=150%2C150&amp;ssl=1 150w, https:\/\/i0.wp.com\/santabarbara.gob.ec\/sbep\/wp-content\/uploads\/2025\/02\/2025.jpg?resize=768%2C752&amp;ssl=1 768w, https:\/\/i0.wp.com\/santabarbara.gob.ec\/sbep\/wp-content\/uploads\/2025\/02\/2025.jpg?resize=100%2C100&amp;ssl=1 100w\" sizes=\"auto, (max-width: 50px) 100vw, 50px\" \/><a href=\"https:\/\/transparencia.dpe.gob.ec\/entidades\/1180\">MAYO Ley Org\u00e1nica de transparencia y acceso a la informaci\u00f3n p\u00fablica.<\/a><\/p>\n\n\n\n<p class=\"has-text-align-left\"><img data-recalc-dims=\"1\" loading=\"lazy\" decoding=\"async\" width=\"50\" height=\"49\" class=\"wp-image-3847\" style=\"width: 50px;\" src=\"https:\/\/i0.wp.com\/santabarbara.gob.ec\/sbep\/wp-content\/uploads\/2025\/02\/2025.jpg?resize=50%2C49&#038;ssl=1\" alt=\"\" srcset=\"https:\/\/i0.wp.com\/santabarbara.gob.ec\/sbep\/wp-content\/uploads\/2025\/02\/2025.jpg?w=1180&amp;ssl=1 1180w, https:\/\/i0.wp.com\/santabarbara.gob.ec\/sbep\/wp-content\/uploads\/2025\/02\/2025.jpg?resize=300%2C294&amp;ssl=1 300w, https:\/\/i0.wp.com\/santabarbara.gob.ec\/sbep\/wp-content\/uploads\/2025\/02\/2025.jpg?resize=1024%2C1003&amp;ssl=1 1024w, https:\/\/i0.wp.com\/santabarbara.gob.ec\/sbep\/wp-content\/uploads\/2025\/02\/2025.jpg?resize=150%2C150&amp;ssl=1 150w, https:\/\/i0.wp.com\/santabarbara.gob.ec\/sbep\/wp-content\/uploads\/2025\/02\/2025.jpg?resize=768%2C752&amp;ssl=1 768w, https:\/\/i0.wp.com\/santabarbara.gob.ec\/sbep\/wp-content\/uploads\/2025\/02\/2025.jpg?resize=100%2C100&amp;ssl=1 100w\" sizes=\"auto, (max-width: 50px) 100vw, 50px\" \/><a href=\"https:\/\/transparencia.dpe.gob.ec\/entidades\/1180\" target=\"_blank\" rel=\"noreferrer noopener\">JUNIO Ley Org\u00e1nica de transparencia y acceso a la informaci\u00f3n p\u00fablica.<\/a><\/p>\n\n\n\n<p class=\"has-text-align-left\"><img data-recalc-dims=\"1\" loading=\"lazy\" decoding=\"async\" width=\"50\" height=\"49\" class=\"wp-image-3847\" style=\"width: 50px;\" src=\"https:\/\/i0.wp.com\/santabarbara.gob.ec\/sbep\/wp-content\/uploads\/2025\/02\/2025.jpg?resize=50%2C49&#038;ssl=1\" alt=\"\" srcset=\"https:\/\/i0.wp.com\/santabarbara.gob.ec\/sbep\/wp-content\/uploads\/2025\/02\/2025.jpg?w=1180&amp;ssl=1 1180w, https:\/\/i0.wp.com\/santabarbara.gob.ec\/sbep\/wp-content\/uploads\/2025\/02\/2025.jpg?resize=300%2C294&amp;ssl=1 300w, https:\/\/i0.wp.com\/santabarbara.gob.ec\/sbep\/wp-content\/uploads\/2025\/02\/2025.jpg?resize=1024%2C1003&amp;ssl=1 1024w, https:\/\/i0.wp.com\/santabarbara.gob.ec\/sbep\/wp-content\/uploads\/2025\/02\/2025.jpg?resize=150%2C150&amp;ssl=1 150w, https:\/\/i0.wp.com\/santabarbara.gob.ec\/sbep\/wp-content\/uploads\/2025\/02\/2025.jpg?resize=768%2C752&amp;ssl=1 768w, https:\/\/i0.wp.com\/santabarbara.gob.ec\/sbep\/wp-content\/uploads\/2025\/02\/2025.jpg?resize=100%2C100&amp;ssl=1 100w\" sizes=\"auto, (max-width: 50px) 100vw, 50px\" \/><a href=\"https:\/\/transparencia.dpe.gob.ec\/entidades\/1180\" target=\"_blank\" rel=\"noreferrer noopener\">JULIO Ley Org\u00e1nica de transparencia y acceso a la informaci\u00f3n p\u00fablica.<\/a><\/p>\n\n\n\n<p class=\"has-text-align-left\"><img data-recalc-dims=\"1\" loading=\"lazy\" decoding=\"async\" width=\"50\" height=\"49\" class=\"wp-image-3847\" style=\"width: 50px;\" src=\"https:\/\/i0.wp.com\/santabarbara.gob.ec\/sbep\/wp-content\/uploads\/2025\/02\/2025.jpg?resize=50%2C49&#038;ssl=1\" alt=\"\" srcset=\"https:\/\/i0.wp.com\/santabarbara.gob.ec\/sbep\/wp-content\/uploads\/2025\/02\/2025.jpg?w=1180&amp;ssl=1 1180w, https:\/\/i0.wp.com\/santabarbara.gob.ec\/sbep\/wp-content\/uploads\/2025\/02\/2025.jpg?resize=300%2C294&amp;ssl=1 300w, https:\/\/i0.wp.com\/santabarbara.gob.ec\/sbep\/wp-content\/uploads\/2025\/02\/2025.jpg?resize=1024%2C1003&amp;ssl=1 1024w, https:\/\/i0.wp.com\/santabarbara.gob.ec\/sbep\/wp-content\/uploads\/2025\/02\/2025.jpg?resize=150%2C150&amp;ssl=1 150w, https:\/\/i0.wp.com\/santabarbara.gob.ec\/sbep\/wp-content\/uploads\/2025\/02\/2025.jpg?resize=768%2C752&amp;ssl=1 768w, https:\/\/i0.wp.com\/santabarbara.gob.ec\/sbep\/wp-content\/uploads\/2025\/02\/2025.jpg?resize=100%2C100&amp;ssl=1 100w\" sizes=\"auto, (max-width: 50px) 100vw, 50px\" \/><a href=\"https:\/\/transparencia.dpe.gob.ec\/entidades\/1180\" target=\"_blank\" rel=\"noreferrer noopener\">AGOSTO Ley Org\u00e1nica de transparencia y acceso a la informaci\u00f3n p\u00fablica.<\/a><\/p>\n\n\n\n<p class=\"has-text-align-left\"><img data-recalc-dims=\"1\" loading=\"lazy\" decoding=\"async\" width=\"50\" height=\"49\" class=\"wp-image-3847\" style=\"width: 50px;\" src=\"https:\/\/i0.wp.com\/santabarbara.gob.ec\/sbep\/wp-content\/uploads\/2025\/02\/2025.jpg?resize=50%2C49&#038;ssl=1\" alt=\"\" srcset=\"https:\/\/i0.wp.com\/santabarbara.gob.ec\/sbep\/wp-content\/uploads\/2025\/02\/2025.jpg?w=1180&amp;ssl=1 1180w, https:\/\/i0.wp.com\/santabarbara.gob.ec\/sbep\/wp-content\/uploads\/2025\/02\/2025.jpg?resize=300%2C294&amp;ssl=1 300w, https:\/\/i0.wp.com\/santabarbara.gob.ec\/sbep\/wp-content\/uploads\/2025\/02\/2025.jpg?resize=1024%2C1003&amp;ssl=1 1024w, https:\/\/i0.wp.com\/santabarbara.gob.ec\/sbep\/wp-content\/uploads\/2025\/02\/2025.jpg?resize=150%2C150&amp;ssl=1 150w, https:\/\/i0.wp.com\/santabarbara.gob.ec\/sbep\/wp-content\/uploads\/2025\/02\/2025.jpg?resize=768%2C752&amp;ssl=1 768w, https:\/\/i0.wp.com\/santabarbara.gob.ec\/sbep\/wp-content\/uploads\/2025\/02\/2025.jpg?resize=100%2C100&amp;ssl=1 100w\" sizes=\"auto, (max-width: 50px) 100vw, 50px\" \/><a href=\"https:\/\/transparencia.dpe.gob.ec\/entidades\/1180\" target=\"_blank\" rel=\"noreferrer noopener\">SEPTIEMBRE Ley Org\u00e1nica de transparencia y acceso a la informaci\u00f3n p\u00fablica.<\/a><\/p>\n\n\n\n<p class=\"has-text-align-left\"><img data-recalc-dims=\"1\" loading=\"lazy\" decoding=\"async\" width=\"50\" height=\"49\" class=\"wp-image-3847\" style=\"width: 50px;\" src=\"https:\/\/i0.wp.com\/santabarbara.gob.ec\/sbep\/wp-content\/uploads\/2025\/02\/2025.jpg?resize=50%2C49&#038;ssl=1\" alt=\"\" srcset=\"https:\/\/i0.wp.com\/santabarbara.gob.ec\/sbep\/wp-content\/uploads\/2025\/02\/2025.jpg?w=1180&amp;ssl=1 1180w, https:\/\/i0.wp.com\/santabarbara.gob.ec\/sbep\/wp-content\/uploads\/2025\/02\/2025.jpg?resize=300%2C294&amp;ssl=1 300w, https:\/\/i0.wp.com\/santabarbara.gob.ec\/sbep\/wp-content\/uploads\/2025\/02\/2025.jpg?resize=1024%2C1003&amp;ssl=1 1024w, https:\/\/i0.wp.com\/santabarbara.gob.ec\/sbep\/wp-content\/uploads\/2025\/02\/2025.jpg?resize=150%2C150&amp;ssl=1 150w, https:\/\/i0.wp.com\/santabarbara.gob.ec\/sbep\/wp-content\/uploads\/2025\/02\/2025.jpg?resize=768%2C752&amp;ssl=1 768w, https:\/\/i0.wp.com\/santabarbara.gob.ec\/sbep\/wp-content\/uploads\/2025\/02\/2025.jpg?resize=100%2C100&amp;ssl=1 100w\" sizes=\"auto, (max-width: 50px) 100vw, 50px\" \/><a href=\"https:\/\/transparencia.dpe.gob.ec\/entidades\/1180\" target=\"_blank\" rel=\"noreferrer noopener\">OCTUBRE Ley Org\u00e1nica de transparencia y acceso a la informaci\u00f3n p\u00fablica.<\/a><\/p>\n\n\n\n<p class=\"has-text-align-left\"><img data-recalc-dims=\"1\" loading=\"lazy\" decoding=\"async\" width=\"50\" height=\"49\" class=\"wp-image-3847\" style=\"width: 50px;\" src=\"https:\/\/i0.wp.com\/santabarbara.gob.ec\/sbep\/wp-content\/uploads\/2025\/02\/2025.jpg?resize=50%2C49&#038;ssl=1\" alt=\"\" srcset=\"https:\/\/i0.wp.com\/santabarbara.gob.ec\/sbep\/wp-content\/uploads\/2025\/02\/2025.jpg?w=1180&amp;ssl=1 1180w, https:\/\/i0.wp.com\/santabarbara.gob.ec\/sbep\/wp-content\/uploads\/2025\/02\/2025.jpg?resize=300%2C294&amp;ssl=1 300w, https:\/\/i0.wp.com\/santabarbara.gob.ec\/sbep\/wp-content\/uploads\/2025\/02\/2025.jpg?resize=1024%2C1003&amp;ssl=1 1024w, https:\/\/i0.wp.com\/santabarbara.gob.ec\/sbep\/wp-content\/uploads\/2025\/02\/2025.jpg?resize=150%2C150&amp;ssl=1 150w, https:\/\/i0.wp.com\/santabarbara.gob.ec\/sbep\/wp-content\/uploads\/2025\/02\/2025.jpg?resize=768%2C752&amp;ssl=1 768w, https:\/\/i0.wp.com\/santabarbara.gob.ec\/sbep\/wp-content\/uploads\/2025\/02\/2025.jpg?resize=100%2C100&amp;ssl=1 100w\" sizes=\"auto, (max-width: 50px) 100vw, 50px\" \/><a href=\"https:\/\/transparencia.dpe.gob.ec\/entidades\/1180\" target=\"_blank\" rel=\"noreferrer noopener\">NOVIEMBRE Ley Org\u00e1nica de transparencia y acceso a la informaci\u00f3n p\u00fablica.<\/a><\/p>\n\n\n\n<p class=\"has-text-align-left\"><img data-recalc-dims=\"1\" loading=\"lazy\" decoding=\"async\" width=\"50\" height=\"49\" class=\"wp-image-3847\" style=\"width: 50px;\" src=\"https:\/\/i0.wp.com\/santabarbara.gob.ec\/sbep\/wp-content\/uploads\/2025\/02\/2025.jpg?resize=50%2C49&#038;ssl=1\" alt=\"\" srcset=\"https:\/\/i0.wp.com\/santabarbara.gob.ec\/sbep\/wp-content\/uploads\/2025\/02\/2025.jpg?w=1180&amp;ssl=1 1180w, https:\/\/i0.wp.com\/santabarbara.gob.ec\/sbep\/wp-content\/uploads\/2025\/02\/2025.jpg?resize=300%2C294&amp;ssl=1 300w, https:\/\/i0.wp.com\/santabarbara.gob.ec\/sbep\/wp-content\/uploads\/2025\/02\/2025.jpg?resize=1024%2C1003&amp;ssl=1 1024w, https:\/\/i0.wp.com\/santabarbara.gob.ec\/sbep\/wp-content\/uploads\/2025\/02\/2025.jpg?resize=150%2C150&amp;ssl=1 150w, https:\/\/i0.wp.com\/santabarbara.gob.ec\/sbep\/wp-content\/uploads\/2025\/02\/2025.jpg?resize=768%2C752&amp;ssl=1 768w, https:\/\/i0.wp.com\/santabarbara.gob.ec\/sbep\/wp-content\/uploads\/2025\/02\/2025.jpg?resize=100%2C100&amp;ssl=1 100w\" sizes=\"auto, (max-width: 50px) 100vw, 50px\" \/><a href=\"https:\/\/transparencia.dpe.gob.ec\/entidades\/1180\" target=\"_blank\" rel=\"noreferrer noopener\">DICIEMBRE Ley Org\u00e1nica de transparencia y acceso a la informaci\u00f3n p\u00fablica.<\/a><\/p>\n\n\n\n<p class=\"has-text-align-left\"><\/p>\n\n\n\n<div class=\"wp-block-group\"><div class=\"wp-block-group__inner-container is-layout-constrained wp-block-group-is-layout-constrained\"><\/div><\/div>\n\n\n\n<p class=\"\"><\/p>\n\n\n\n<div class=\"wp-block-group\"><div class=\"wp-block-group__inner-container is-layout-flow wp-block-group-is-layout-flow\">\n<p class=\"\"><\/p>\n<\/div><\/div>\n\n\n\n<div class=\"wp-block-group\"><div class=\"wp-block-group__inner-container is-layout-flow wp-block-group-is-layout-flow\">\n<p class=\"\"><\/p>\n<\/div><\/div>\n\n\n\n<p class=\"\"><\/p>\n<\/div>\n<\/div>\n","protected":false},"excerpt":{"rendered":"<p>ENERO Ley Org\u00e1nica de transparencia y acceso a la informaci\u00f3n p\u00fablica. FEBRERO Ley Org\u00e1nica de transparencia y acceso a la informaci\u00f3n p\u00fablica. MARZO Ley Org\u00e1nica de transparencia y acceso a la informaci\u00f3n p\u00fablica. ABRIL Ley Org\u00e1nica de transparencia y acceso a la informaci\u00f3n p\u00fablica. MAYO Ley Org\u00e1nica de transparencia y acceso a la informaci\u00f3n p\u00fablica. [&hellip;]<\/p>\n","protected":false},"author":1,"featured_media":0,"parent":891,"menu_order":0,"comment_status":"closed","ping_status":"closed","template":"","meta":{"nf_dc_page":"","om_disable_all_campaigns":false,"footnotes":""},"class_list":["post-3842","page","type-page","status-publish","hentry"],"jetpack_sharing_enabled":true,"_links":{"self":[{"href":"https:\/\/santabarbara.gob.ec\/sbep\/wp-json\/wp\/v2\/pages\/3842","targetHints":{"allow":["GET"]}}],"collection":[{"href":"https:\/\/santabarbara.gob.ec\/sbep\/wp-json\/wp\/v2\/pages"}],"about":[{"href":"https:\/\/santabarbara.gob.ec\/sbep\/wp-json\/wp\/v2\/types\/page"}],"author":[{"embeddable":true,"href":"https:\/\/santabarbara.gob.ec\/sbep\/wp-json\/wp\/v2\/users\/1"}],"replies":[{"embeddable":true,"href":"https:\/\/santabarbara.gob.ec\/sbep\/wp-json\/wp\/v2\/comments?post=3842"}],"version-history":[{"count":8,"href":"https:\/\/santabarbara.gob.ec\/sbep\/wp-json\/wp\/v2\/pages\/3842\/revisions"}],"predecessor-version":[{"id":3952,"href":"https:\/\/santabarbara.gob.ec\/sbep\/wp-json\/wp\/v2\/pages\/3842\/revisions\/3952"}],"up":[{"embeddable":true,"href":"https:\/\/santabarbara.gob.ec\/sbep\/wp-json\/wp\/v2\/pages\/891"}],"wp:attachment":[{"href":"https:\/\/santabarbara.gob.ec\/sbep\/wp-json\/wp\/v2\/media?parent=3842"}],"curies":[{"name":"wp","href":"https:\/\/api.w.org\/{rel}","templated":true}]}}