{"id":3953,"date":"2026-01-20T16:31:06","date_gmt":"2026-01-20T16:31:06","guid":{"rendered":"https:\/\/santabarbara.gob.ec\/sbep\/?page_id=3953"},"modified":"2026-04-02T15:48:45","modified_gmt":"2026-04-02T15:48:45","slug":"lotaip-2025-duplicate-1","status":"publish","type":"page","link":"https:\/\/santabarbara.gob.ec\/sbep\/transparencia1\/lotaip-2025-duplicate-1\/","title":{"rendered":"LOTAIP 2026"},"content":{"rendered":"\n<div class=\"wp-block-columns is-layout-flex wp-container-core-columns-is-layout-9d6595d7 wp-block-columns-is-layout-flex\">\n<div class=\"wp-block-column is-layout-flow wp-block-column-is-layout-flow\" style=\"flex-basis:100%\">\n<p class=\"has-text-align-left\"><img data-recalc-dims=\"1\" loading=\"lazy\" decoding=\"async\" width=\"50\" height=\"49\" class=\"wp-image-3957\" style=\"width: 50px;\" src=\"https:\/\/i0.wp.com\/santabarbara.gob.ec\/sbep\/wp-content\/uploads\/2026\/01\/2026.jpg?resize=50%2C49&#038;ssl=1\" alt=\"\" srcset=\"https:\/\/i0.wp.com\/santabarbara.gob.ec\/sbep\/wp-content\/uploads\/2026\/01\/2026.jpg?w=1180&amp;ssl=1 1180w, https:\/\/i0.wp.com\/santabarbara.gob.ec\/sbep\/wp-content\/uploads\/2026\/01\/2026.jpg?resize=300%2C294&amp;ssl=1 300w, https:\/\/i0.wp.com\/santabarbara.gob.ec\/sbep\/wp-content\/uploads\/2026\/01\/2026.jpg?resize=1024%2C1003&amp;ssl=1 1024w, https:\/\/i0.wp.com\/santabarbara.gob.ec\/sbep\/wp-content\/uploads\/2026\/01\/2026.jpg?resize=150%2C150&amp;ssl=1 150w, https:\/\/i0.wp.com\/santabarbara.gob.ec\/sbep\/wp-content\/uploads\/2026\/01\/2026.jpg?resize=768%2C752&amp;ssl=1 768w, https:\/\/i0.wp.com\/santabarbara.gob.ec\/sbep\/wp-content\/uploads\/2026\/01\/2026.jpg?resize=100%2C100&amp;ssl=1 100w\" sizes=\"auto, (max-width: 50px) 100vw, 50px\" \/><a href=\"https:\/\/transparencia.dpe.gob.ec\/entidades\/EdMSBE-yjcw\">ENERO Ley Org\u00e1nica de transparencia y acceso a la informaci\u00f3n p\u00fablica.<\/a><\/p>\n\n\n\n<p class=\"has-text-align-left\"><img data-recalc-dims=\"1\" loading=\"lazy\" decoding=\"async\" width=\"50\" height=\"49\" class=\"wp-image-3957\" style=\"width: 50px;\" src=\"https:\/\/i0.wp.com\/santabarbara.gob.ec\/sbep\/wp-content\/uploads\/2026\/01\/2026.jpg?resize=50%2C49&#038;ssl=1\" alt=\"\" srcset=\"https:\/\/i0.wp.com\/santabarbara.gob.ec\/sbep\/wp-content\/uploads\/2026\/01\/2026.jpg?w=1180&amp;ssl=1 1180w, https:\/\/i0.wp.com\/santabarbara.gob.ec\/sbep\/wp-content\/uploads\/2026\/01\/2026.jpg?resize=300%2C294&amp;ssl=1 300w, https:\/\/i0.wp.com\/santabarbara.gob.ec\/sbep\/wp-content\/uploads\/2026\/01\/2026.jpg?resize=1024%2C1003&amp;ssl=1 1024w, https:\/\/i0.wp.com\/santabarbara.gob.ec\/sbep\/wp-content\/uploads\/2026\/01\/2026.jpg?resize=150%2C150&amp;ssl=1 150w, https:\/\/i0.wp.com\/santabarbara.gob.ec\/sbep\/wp-content\/uploads\/2026\/01\/2026.jpg?resize=768%2C752&amp;ssl=1 768w, https:\/\/i0.wp.com\/santabarbara.gob.ec\/sbep\/wp-content\/uploads\/2026\/01\/2026.jpg?resize=100%2C100&amp;ssl=1 100w\" sizes=\"auto, (max-width: 50px) 100vw, 50px\" \/><a href=\"https:\/\/transparencia.dpe.gob.ec\/entidades\/EdMSBE-yjcw\">FEBRERO Ley Org\u00e1nica de transparencia y acceso a la informaci\u00f3n p\u00fablica.<\/a><\/p>\n\n\n\n<p class=\"has-text-align-left\"><\/p>\n\n\n\n<div class=\"wp-block-group\"><div class=\"wp-block-group__inner-container is-layout-constrained wp-block-group-is-layout-constrained\"><\/div><\/div>\n\n\n\n<p class=\"\"><\/p>\n\n\n\n<div class=\"wp-block-group\"><div class=\"wp-block-group__inner-container is-layout-flow wp-block-group-is-layout-flow\">\n<p class=\"\"><\/p>\n<\/div><\/div>\n\n\n\n<div class=\"wp-block-group\"><div class=\"wp-block-group__inner-container is-layout-flow wp-block-group-is-layout-flow\">\n<p class=\"\"><\/p>\n<\/div><\/div>\n\n\n\n<p class=\"\"><\/p>\n<\/div>\n<\/div>\n","protected":false},"excerpt":{"rendered":"<p>ENERO Ley Org\u00e1nica de transparencia y acceso a la informaci\u00f3n p\u00fablica. FEBRERO Ley Org\u00e1nica de transparencia y acceso a la informaci\u00f3n p\u00fablica.<\/p>\n","protected":false},"author":1,"featured_media":0,"parent":891,"menu_order":0,"comment_status":"closed","ping_status":"closed","template":"","meta":{"nf_dc_page":"","om_disable_all_campaigns":false,"footnotes":""},"class_list":["post-3953","page","type-page","status-publish","hentry"],"jetpack_sharing_enabled":true,"_links":{"self":[{"href":"https:\/\/santabarbara.gob.ec\/sbep\/wp-json\/wp\/v2\/pages\/3953","targetHints":{"allow":["GET"]}}],"collection":[{"href":"https:\/\/santabarbara.gob.ec\/sbep\/wp-json\/wp\/v2\/pages"}],"about":[{"href":"https:\/\/santabarbara.gob.ec\/sbep\/wp-json\/wp\/v2\/types\/page"}],"author":[{"embeddable":true,"href":"https:\/\/santabarbara.gob.ec\/sbep\/wp-json\/wp\/v2\/users\/1"}],"replies":[{"embeddable":true,"href":"https:\/\/santabarbara.gob.ec\/sbep\/wp-json\/wp\/v2\/comments?post=3953"}],"version-history":[{"count":4,"href":"https:\/\/santabarbara.gob.ec\/sbep\/wp-json\/wp\/v2\/pages\/3953\/revisions"}],"predecessor-version":[{"id":3966,"href":"https:\/\/santabarbara.gob.ec\/sbep\/wp-json\/wp\/v2\/pages\/3953\/revisions\/3966"}],"up":[{"embeddable":true,"href":"https:\/\/santabarbara.gob.ec\/sbep\/wp-json\/wp\/v2\/pages\/891"}],"wp:attachment":[{"href":"https:\/\/santabarbara.gob.ec\/sbep\/wp-json\/wp\/v2\/media?parent=3953"}],"curies":[{"name":"wp","href":"https:\/\/api.w.org\/{rel}","templated":true}]}}