{"id":886,"date":"2021-03-03T13:31:11","date_gmt":"2021-03-03T13:31:11","guid":{"rendered":"https:\/\/santabarbara.gob.ec\/sbep\/?page_id=886"},"modified":"2022-01-18T13:51:04","modified_gmt":"2022-01-18T13:51:04","slug":"lotaip-2021","status":"publish","type":"page","link":"https:\/\/santabarbara.gob.ec\/sbep\/lotaip-2021\/","title":{"rendered":"LOTAIP 2021"},"content":{"rendered":"\n<div class=\"wp-block-columns is-layout-flex wp-container-core-columns-is-layout-9d6595d7 wp-block-columns-is-layout-flex\">\n<div class=\"wp-block-column is-layout-flow wp-block-column-is-layout-flow\" style=\"flex-basis:100%\">\n<div class=\"wp-block-group\"><div class=\"wp-block-group__inner-container is-layout-flow wp-block-group-is-layout-flow\">\n<p><\/p>\n\n\n\n<blockquote class=\"wp-block-quote is-style-default is-layout-flow wp-block-quote-is-layout-flow\"><p><img data-recalc-dims=\"1\" loading=\"lazy\" decoding=\"async\" width=\"86\" height=\"87\" class=\"wp-image-901\" style=\"width: 86px;\" src=\"https:\/\/i0.wp.com\/santabarbara.gob.ec\/sbep\/wp-content\/uploads\/2021\/03\/ano-2021.jpg?resize=86%2C87&#038;ssl=1\" alt=\"\"><a rel=\"noreferrer noopener\" href=\"https:\/\/santabarbara.gob.ec\/sbep\/lotaip-octubre-2021\/\" target=\"_blank\"> <\/a><a href=\"https:\/\/santabarbara.gob.ec\/sbep\/lotaip-diciembre-2021\/\" target=\"_blank\" rel=\"noreferrer noopener\">DICIEMBRE  Ley Org\u00e1nica de transparencia y acceso a la informaci\u00f3n p\u00fablica<\/a><\/p><\/blockquote>\n\n\n\n<blockquote class=\"wp-block-quote is-style-default is-layout-flow wp-block-quote-is-layout-flow\"><p><img data-recalc-dims=\"1\" loading=\"lazy\" decoding=\"async\" width=\"86\" height=\"87\" class=\"wp-image-901\" style=\"width: 86px;\" src=\"https:\/\/i0.wp.com\/santabarbara.gob.ec\/sbep\/wp-content\/uploads\/2021\/03\/ano-2021.jpg?resize=86%2C87&#038;ssl=1\" alt=\"\"><a rel=\"noreferrer noopener\" href=\"https:\/\/santabarbara.gob.ec\/sbep\/lotaip-octubre-2021\/\" target=\"_blank\"> <\/a><a href=\"https:\/\/santabarbara.gob.ec\/sbep\/lotaip-noviembre-2021\/\" target=\"_blank\" rel=\"noreferrer noopener\">NOVIEMBRE  Ley Org\u00e1nica de transparencia y acceso a la informaci\u00f3n p\u00fablica<\/a><\/p><\/blockquote>\n\n\n\n<blockquote class=\"wp-block-quote is-style-default is-layout-flow wp-block-quote-is-layout-flow\"><p><img data-recalc-dims=\"1\" loading=\"lazy\" decoding=\"async\" width=\"86\" height=\"87\" class=\"wp-image-901\" style=\"width: 86px;\" src=\"https:\/\/i0.wp.com\/santabarbara.gob.ec\/sbep\/wp-content\/uploads\/2021\/03\/ano-2021.jpg?resize=86%2C87&#038;ssl=1\" alt=\"\"><a href=\"https:\/\/santabarbara.gob.ec\/sbep\/lotaip-octubre-2021\/\" target=\"_blank\" rel=\"noreferrer noopener\">  OCTUBRE  Ley Org\u00e1nica de transparencia y acceso a la informaci\u00f3n p\u00fablica<\/a><\/p><\/blockquote>\n\n\n\n<blockquote class=\"wp-block-quote is-style-default is-layout-flow wp-block-quote-is-layout-flow\"><p><img data-recalc-dims=\"1\" loading=\"lazy\" decoding=\"async\" width=\"86\" height=\"87\" class=\"wp-image-901\" style=\"width: 86px;\" src=\"https:\/\/i0.wp.com\/santabarbara.gob.ec\/sbep\/wp-content\/uploads\/2021\/03\/ano-2021.jpg?resize=86%2C87&#038;ssl=1\" alt=\"\"> <a rel=\"noreferrer noopener\" href=\"https:\/\/santabarbara.gob.ec\/sbep\/lotaip-septiembre-2021\/\" target=\"_blank\"> SEPTIEMBRE  Ley Org\u00e1nica de transparencia y acceso a la informaci\u00f3n p\u00fablica<\/a><\/p><\/blockquote>\n\n\n\n<blockquote class=\"wp-block-quote is-style-default is-layout-flow wp-block-quote-is-layout-flow\"><p><img data-recalc-dims=\"1\" loading=\"lazy\" decoding=\"async\" width=\"86\" height=\"87\" class=\"wp-image-901\" style=\"width: 86px;\" src=\"https:\/\/i0.wp.com\/santabarbara.gob.ec\/sbep\/wp-content\/uploads\/2021\/03\/ano-2021.jpg?resize=86%2C87&#038;ssl=1\" alt=\"\"> <a href=\"https:\/\/santabarbara.gob.ec\/sbep\/lotaip-agosto-2021\/\"> AGOSTO  Ley Org\u00e1nica de transparencia y acceso a la informaci\u00f3n p\u00fablica.<\/a><\/p><\/blockquote>\n\n\n\n<blockquote class=\"wp-block-quote is-style-default is-layout-flow wp-block-quote-is-layout-flow\"><p><img data-recalc-dims=\"1\" loading=\"lazy\" decoding=\"async\" width=\"86\" height=\"87\" class=\"wp-image-901\" style=\"width: 86px;\" src=\"https:\/\/i0.wp.com\/santabarbara.gob.ec\/sbep\/wp-content\/uploads\/2021\/03\/ano-2021.jpg?resize=86%2C87&#038;ssl=1\" alt=\"\">  <a href=\"https:\/\/santabarbara.gob.ec\/sbep\/lotaip-julio-2021\/\" target=\"_blank\" rel=\"noreferrer noopener\">JULIO  Ley Org\u00e1nica de transparencia y acceso a la informaci\u00f3n p\u00fablica.<\/a><\/p><\/blockquote>\n\n\n\n<blockquote class=\"wp-block-quote is-style-default is-layout-flow wp-block-quote-is-layout-flow\"><p><img data-recalc-dims=\"1\" loading=\"lazy\" decoding=\"async\" width=\"86\" height=\"87\" class=\"wp-image-901\" style=\"width: 86px;\" src=\"https:\/\/i0.wp.com\/santabarbara.gob.ec\/sbep\/wp-content\/uploads\/2021\/03\/ano-2021.jpg?resize=86%2C87&#038;ssl=1\" alt=\"\">  <a href=\"https:\/\/santabarbara.gob.ec\/sbep\/lotaip-junio-2021\/\">JUNIO  Ley Org\u00e1nica de transparencia y acceso a la informaci\u00f3n p\u00fablica<\/a>.<\/p><\/blockquote>\n\n\n\n<blockquote class=\"wp-block-quote is-style-default is-layout-flow wp-block-quote-is-layout-flow\"><p><img data-recalc-dims=\"1\" loading=\"lazy\" decoding=\"async\" width=\"86\" height=\"87\" class=\"wp-image-901\" style=\"width: 86px;\" src=\"https:\/\/i0.wp.com\/santabarbara.gob.ec\/sbep\/wp-content\/uploads\/2021\/03\/ano-2021.jpg?resize=86%2C87&#038;ssl=1\" alt=\"\"><a href=\"https:\/\/santabarbara.gob.ec\/sbep\/lotaip-abril-2021\/\" data-type=\"URL\" data-id=\"https:\/\/santabarbara.gob.ec\/sbep\/lotaip-abril-2021\/\"> <\/a><a href=\"https:\/\/santabarbara.gob.ec\/sbep\/lotaip-mayo-2021\/\">MAYO Ley Org\u00e1nica de transparencia y acceso a la informaci\u00f3n p\u00fablica<\/a>.<\/p><\/blockquote>\n\n\n\n<blockquote class=\"wp-block-quote is-style-default is-layout-flow wp-block-quote-is-layout-flow\"><p><img data-recalc-dims=\"1\" loading=\"lazy\" decoding=\"async\" width=\"86\" height=\"87\" class=\"wp-image-901\" style=\"width: 86px;\" src=\"https:\/\/i0.wp.com\/santabarbara.gob.ec\/sbep\/wp-content\/uploads\/2021\/03\/ano-2021.jpg?resize=86%2C87&#038;ssl=1\" alt=\"\"><a href=\"https:\/\/santabarbara.gob.ec\/sbep\/lotaip-abril-2021\/\" data-type=\"URL\" data-id=\"https:\/\/santabarbara.gob.ec\/sbep\/lotaip-abril-2021\/\"> <\/a><a href=\"https:\/\/santabarbara.gob.ec\/sbep\/lotaip-abril-2021\/\" data-type=\"URL\" data-id=\"https:\/\/santabarbara.gob.ec\/sbep\/lotaip-abril-2021\/\" target=\"_blank\" rel=\"noreferrer noopener\">ABRIL Ley Org\u00e1nica de transparencia y acceso a la informaci\u00f3n p\u00fablica.<\/a><\/p><\/blockquote>\n\n\n\n<blockquote class=\"wp-block-quote is-style-default is-layout-flow wp-block-quote-is-layout-flow\"><p><img data-recalc-dims=\"1\" loading=\"lazy\" decoding=\"async\" width=\"86\" height=\"87\" class=\"wp-image-901\" style=\"width: 86px;\" src=\"https:\/\/i0.wp.com\/santabarbara.gob.ec\/sbep\/wp-content\/uploads\/2021\/03\/ano-2021.jpg?resize=86%2C87&#038;ssl=1\" alt=\"\">  <a href=\"https:\/\/santabarbara.gob.ec\/sbep\/lotaip-marzo-2021\/\">MARZO Ley Org\u00e1nica de transparencia y acceso a la informaci\u00f3n p\u00fablica.<\/a><\/p><\/blockquote>\n\n\n\n<blockquote class=\"wp-block-quote is-style-default is-layout-flow wp-block-quote-is-layout-flow\"><p><img data-recalc-dims=\"1\" loading=\"lazy\" decoding=\"async\" width=\"86\" height=\"87\" class=\"wp-image-901\" style=\"width: 86px;\" src=\"https:\/\/i0.wp.com\/santabarbara.gob.ec\/sbep\/wp-content\/uploads\/2021\/03\/ano-2021.jpg?resize=86%2C87&#038;ssl=1\" alt=\"\">  <a rel=\"noreferrer noopener\" href=\"https:\/\/santabarbara.gob.ec\/sbep\/lotaip-febrero-2021\/\" target=\"_blank\">FEBRERO Ley Org<\/a><a href=\"https:\/\/santabarbara.gob.ec\/sbep\/lotaip-febrero-2021\/\" target=\"_blank\" rel=\"noreferrer noopener\">\u00e1<\/a><a rel=\"noreferrer noopener\" href=\"https:\/\/santabarbara.gob.ec\/sbep\/lotaip-febrero-2021\/\" target=\"_blank\">nica de transparencia y acceso a la informaci\u00f3n p\u00fablica.<\/a><\/p><\/blockquote>\n\n\n\n<blockquote class=\"wp-block-quote is-style-default is-layout-flow wp-block-quote-is-layout-flow\"><p><img data-recalc-dims=\"1\" loading=\"lazy\" decoding=\"async\" width=\"86\" height=\"87\" class=\"wp-image-901\" style=\"width: 86px;\" src=\"https:\/\/i0.wp.com\/santabarbara.gob.ec\/sbep\/wp-content\/uploads\/2021\/03\/ano-2021.jpg?resize=86%2C87&#038;ssl=1\" alt=\"\">  <a rel=\"noreferrer noopener\" href=\"https:\/\/santabarbara.gob.ec\/sbep\/lotaip-enero-2021\/\" target=\"_blank\">ENERO Ley Org\u00e1nica de transparencia y acceso a la informaci\u00f3n p\u00fablica.<\/a><\/p><\/blockquote>\n\n\n\n<p><\/p>\n<\/div><\/div>\n\n\n\n<p><\/p>\n<\/div>\n<\/div>\n\n\n\n<p><\/p>\n","protected":false},"excerpt":{"rendered":"<p>DICIEMBRE Ley Org\u00e1nica de transparencia y acceso a la informaci\u00f3n p\u00fablica NOVIEMBRE Ley Org\u00e1nica de transparencia y acceso a la informaci\u00f3n p\u00fablica OCTUBRE Ley Org\u00e1nica de transparencia y acceso a la informaci\u00f3n p\u00fablica SEPTIEMBRE Ley Org\u00e1nica de transparencia y acceso a la informaci\u00f3n p\u00fablica AGOSTO Ley Org\u00e1nica de transparencia y acceso a la informaci\u00f3n p\u00fablica. [&hellip;]<\/p>\n","protected":false},"author":1,"featured_media":0,"parent":0,"menu_order":0,"comment_status":"closed","ping_status":"closed","template":"","meta":{"nf_dc_page":"","om_disable_all_campaigns":false,"footnotes":""},"class_list":["post-886","page","type-page","status-publish","hentry"],"jetpack_sharing_enabled":true,"_links":{"self":[{"href":"https:\/\/santabarbara.gob.ec\/sbep\/wp-json\/wp\/v2\/pages\/886","targetHints":{"allow":["GET"]}}],"collection":[{"href":"https:\/\/santabarbara.gob.ec\/sbep\/wp-json\/wp\/v2\/pages"}],"about":[{"href":"https:\/\/santabarbara.gob.ec\/sbep\/wp-json\/wp\/v2\/types\/page"}],"author":[{"embeddable":true,"href":"https:\/\/santabarbara.gob.ec\/sbep\/wp-json\/wp\/v2\/users\/1"}],"replies":[{"embeddable":true,"href":"https:\/\/santabarbara.gob.ec\/sbep\/wp-json\/wp\/v2\/comments?post=886"}],"version-history":[{"count":36,"href":"https:\/\/santabarbara.gob.ec\/sbep\/wp-json\/wp\/v2\/pages\/886\/revisions"}],"predecessor-version":[{"id":2132,"href":"https:\/\/santabarbara.gob.ec\/sbep\/wp-json\/wp\/v2\/pages\/886\/revisions\/2132"}],"wp:attachment":[{"href":"https:\/\/santabarbara.gob.ec\/sbep\/wp-json\/wp\/v2\/media?parent=886"}],"curies":[{"name":"wp","href":"https:\/\/api.w.org\/{rel}","templated":true}]}}