{"id":908,"date":"2021-03-03T17:01:44","date_gmt":"2021-03-03T17:01:44","guid":{"rendered":"https:\/\/santabarbara.gob.ec\/sbep\/?page_id=908"},"modified":"2021-03-03T17:57:49","modified_gmt":"2021-03-03T17:57:49","slug":"lotaip-2020","status":"publish","type":"page","link":"https:\/\/santabarbara.gob.ec\/sbep\/lotaip-2020\/","title":{"rendered":"LOTAIP 2020"},"content":{"rendered":"\n<div class=\"wp-block-columns is-layout-flex wp-container-core-columns-is-layout-9d6595d7 wp-block-columns-is-layout-flex\">\n<div class=\"wp-block-column is-layout-flow wp-block-column-is-layout-flow\" style=\"flex-basis:100%\">\n<div class=\"wp-block-group\"><div class=\"wp-block-group__inner-container is-layout-flow wp-block-group-is-layout-flow\">\n<div class=\"wp-block-group\"><div class=\"wp-block-group__inner-container is-layout-flow wp-block-group-is-layout-flow\">\n<p class=\"has-drop-cap\"> <img data-recalc-dims=\"1\" loading=\"lazy\" decoding=\"async\" width=\"86\" height=\"85\" class=\"wp-image-910\" style=\"width: 86px;\" src=\"https:\/\/i0.wp.com\/santabarbara.gob.ec\/sbep\/wp-content\/uploads\/2021\/03\/ANO-2020.jpg?resize=86%2C85&#038;ssl=1\" alt=\"\"><a href=\"https:\/\/santabarbara.gob.ec\/sbep\/lotaip-diciembre2-2021\/\" target=\"_blank\" rel=\"noreferrer noopener\"> DICIEMBRE Ley Organica de transparencia y acceso a la informaci\u00f3n p\u00fablica<\/a><\/p>\n\n\n\n<p class=\"has-drop-cap\"> <img data-recalc-dims=\"1\" loading=\"lazy\" decoding=\"async\" width=\"86\" height=\"85\" class=\"wp-image-910\" style=\"width: 86px;\" src=\"https:\/\/i0.wp.com\/santabarbara.gob.ec\/sbep\/wp-content\/uploads\/2021\/03\/ANO-2020.jpg?resize=86%2C85&#038;ssl=1\" alt=\"\"> <a href=\"https:\/\/santabarbara.gob.ec\/sbep\/lotaip-noviembre-2020\/\" target=\"_blank\" rel=\"noreferrer noopener\">NOVIEMBRE Ley Organica de transparencia y acceso a la informaci\u00f3n p\u00fablica<\/a><\/p>\n\n\n\n<p class=\"has-drop-cap\"> <img data-recalc-dims=\"1\" loading=\"lazy\" decoding=\"async\" width=\"86\" height=\"85\" class=\"wp-image-910\" style=\"width: 86px;\" src=\"https:\/\/i0.wp.com\/santabarbara.gob.ec\/sbep\/wp-content\/uploads\/2021\/03\/ANO-2020.jpg?resize=86%2C85&#038;ssl=1\" alt=\"\"> <a href=\"https:\/\/santabarbara.gob.ec\/sbep\/lotaip-octubre-2020\/\" target=\"_blank\" rel=\"noreferrer noopener\">OCTUBRE Ley Organica de transparencia y acceso a la informaci\u00f3n p\u00fablica<\/a><\/p>\n\n\n\n<p class=\"has-drop-cap\"> <img data-recalc-dims=\"1\" loading=\"lazy\" decoding=\"async\" width=\"86\" height=\"85\" class=\"wp-image-910\" style=\"width: 86px;\" src=\"https:\/\/i0.wp.com\/santabarbara.gob.ec\/sbep\/wp-content\/uploads\/2021\/03\/ANO-2020.jpg?resize=86%2C85&#038;ssl=1\" alt=\"\"> <a href=\"https:\/\/santabarbara.gob.ec\/sbep\/lotaip-septiembre-2020\/\" target=\"_blank\" rel=\"noreferrer noopener\">SEPTIEMBRE Ley Organica de transparencia y acceso a la informaci\u00f3n p\u00fablica<\/a><\/p>\n\n\n\n<p class=\"has-drop-cap\"> <img data-recalc-dims=\"1\" loading=\"lazy\" decoding=\"async\" width=\"86\" height=\"85\" class=\"wp-image-910\" style=\"width: 86px;\" src=\"https:\/\/i0.wp.com\/santabarbara.gob.ec\/sbep\/wp-content\/uploads\/2021\/03\/ANO-2020.jpg?resize=86%2C85&#038;ssl=1\" alt=\"\"> <a href=\"https:\/\/santabarbara.gob.ec\/sbep\/lotaip-agosto-2020\/\" target=\"_blank\" rel=\"noreferrer noopener\">AGOSTO Ley Organica de transparencia y acceso a la informaci\u00f3n p\u00fablica<\/a><\/p>\n\n\n\n<p class=\"has-drop-cap\"> <img data-recalc-dims=\"1\" loading=\"lazy\" decoding=\"async\" width=\"86\" height=\"85\" class=\"wp-image-910\" style=\"width: 86px;\" src=\"https:\/\/i0.wp.com\/santabarbara.gob.ec\/sbep\/wp-content\/uploads\/2021\/03\/ANO-2020.jpg?resize=86%2C85&#038;ssl=1\" alt=\"\"> <a href=\"https:\/\/santabarbara.gob.ec\/sbep\/lotaip-julio-2020\/\" target=\"_blank\" rel=\"noreferrer noopener\">JULIO Ley Organica de transparencia y acceso a la informaci\u00f3n p\u00fablica<\/a><\/p>\n\n\n\n<p class=\"has-drop-cap\"> <img data-recalc-dims=\"1\" loading=\"lazy\" decoding=\"async\" width=\"86\" height=\"85\" class=\"wp-image-910\" style=\"width: 86px;\" src=\"https:\/\/i0.wp.com\/santabarbara.gob.ec\/sbep\/wp-content\/uploads\/2021\/03\/ANO-2020.jpg?resize=86%2C85&#038;ssl=1\" alt=\"\"> <a href=\"https:\/\/santabarbara.gob.ec\/sbep\/lotaip-junio-2020\/\" target=\"_blank\" rel=\"noreferrer noopener\">JUNIO Ley Organica de transparencia y acceso a la informaci\u00f3n p\u00fablica<\/a><\/p>\n\n\n\n<p class=\"has-drop-cap\"> <img data-recalc-dims=\"1\" loading=\"lazy\" decoding=\"async\" width=\"86\" height=\"85\" class=\"wp-image-910\" style=\"width: 86px;\" src=\"https:\/\/i0.wp.com\/santabarbara.gob.ec\/sbep\/wp-content\/uploads\/2021\/03\/ANO-2020.jpg?resize=86%2C85&#038;ssl=1\" alt=\"\"> <a href=\"https:\/\/santabarbara.gob.ec\/sbep\/lotaip-mayo-2020\/\" target=\"_blank\" rel=\"noreferrer noopener\">MAYO Ley Organica de transparencia y acceso a la informaci\u00f3n p\u00fablica<\/a><\/p>\n\n\n\n<p class=\"has-drop-cap\"> <img data-recalc-dims=\"1\" loading=\"lazy\" decoding=\"async\" width=\"86\" height=\"85\" class=\"wp-image-910\" style=\"width: 86px;\" src=\"https:\/\/i0.wp.com\/santabarbara.gob.ec\/sbep\/wp-content\/uploads\/2021\/03\/ANO-2020.jpg?resize=86%2C85&#038;ssl=1\" alt=\"\"> <a href=\"https:\/\/santabarbara.gob.ec\/sbep\/lotaip-abril-2020\/\" target=\"_blank\" rel=\"noreferrer noopener\">ABRIL Ley Organica de transparencia y acceso a la informaci\u00f3n p\u00fablica<\/a><\/p>\n\n\n\n<p class=\"has-drop-cap\"> <img data-recalc-dims=\"1\" loading=\"lazy\" decoding=\"async\" width=\"86\" height=\"85\" class=\"wp-image-910\" style=\"width: 86px;\" src=\"https:\/\/i0.wp.com\/santabarbara.gob.ec\/sbep\/wp-content\/uploads\/2021\/03\/ANO-2020.jpg?resize=86%2C85&#038;ssl=1\" alt=\"\"> <a href=\"https:\/\/santabarbara.gob.ec\/sbep\/lotaip-marzo-2020\/\" target=\"_blank\" rel=\"noreferrer noopener\">MARZO Ley Organica de transparencia y acceso a la informaci\u00f3n p\u00fablica<\/a><\/p>\n\n\n\n<p class=\"has-drop-cap\"> <img data-recalc-dims=\"1\" loading=\"lazy\" decoding=\"async\" width=\"86\" height=\"85\" class=\"wp-image-910\" style=\"width: 86px;\" src=\"https:\/\/i0.wp.com\/santabarbara.gob.ec\/sbep\/wp-content\/uploads\/2021\/03\/ANO-2020.jpg?resize=86%2C85&#038;ssl=1\" alt=\"\"> <a href=\"https:\/\/santabarbara.gob.ec\/sbep\/lotaip-febrero-2020\/\" target=\"_blank\" rel=\"noreferrer noopener\">FEBRERO Ley Organica de transparencia y acceso a la informaci\u00f3n p\u00fablica<\/a><\/p>\n\n\n\n<p class=\"has-drop-cap\"> <img data-recalc-dims=\"1\" loading=\"lazy\" decoding=\"async\" width=\"86\" height=\"85\" class=\"wp-image-910\" style=\"width: 86px;\" src=\"https:\/\/i0.wp.com\/santabarbara.gob.ec\/sbep\/wp-content\/uploads\/2021\/03\/ANO-2020.jpg?resize=86%2C85&#038;ssl=1\" alt=\"\"> <a href=\"https:\/\/santabarbara.gob.ec\/sbep\/lotaip-enero-2020\/\" target=\"_blank\" rel=\"noreferrer noopener\">ENERO Ley Organica de transparencia y acceso a la informaci\u00f3n p\u00fablica<\/a><\/p>\n<\/div><\/div>\n\n\n\n<p><\/p>\n<\/div><\/div>\n\n\n\n<p><\/p>\n<\/div>\n<\/div>\n\n\n\n<p><\/p>\n","protected":false},"excerpt":{"rendered":"<p>DICIEMBRE Ley Organica de transparencia y acceso a la informaci\u00f3n p\u00fablica NOVIEMBRE Ley Organica de transparencia y acceso a la informaci\u00f3n p\u00fablica OCTUBRE Ley Organica de transparencia y acceso a la informaci\u00f3n p\u00fablica SEPTIEMBRE Ley Organica de transparencia y acceso a la informaci\u00f3n p\u00fablica AGOSTO Ley Organica de transparencia y acceso a la informaci\u00f3n p\u00fablica [&hellip;]<\/p>\n","protected":false},"author":1,"featured_media":0,"parent":0,"menu_order":0,"comment_status":"closed","ping_status":"closed","template":"","meta":{"nf_dc_page":"","om_disable_all_campaigns":false,"footnotes":""},"class_list":["post-908","page","type-page","status-publish","hentry"],"jetpack_sharing_enabled":true,"_links":{"self":[{"href":"https:\/\/santabarbara.gob.ec\/sbep\/wp-json\/wp\/v2\/pages\/908","targetHints":{"allow":["GET"]}}],"collection":[{"href":"https:\/\/santabarbara.gob.ec\/sbep\/wp-json\/wp\/v2\/pages"}],"about":[{"href":"https:\/\/santabarbara.gob.ec\/sbep\/wp-json\/wp\/v2\/types\/page"}],"author":[{"embeddable":true,"href":"https:\/\/santabarbara.gob.ec\/sbep\/wp-json\/wp\/v2\/users\/1"}],"replies":[{"embeddable":true,"href":"https:\/\/santabarbara.gob.ec\/sbep\/wp-json\/wp\/v2\/comments?post=908"}],"version-history":[{"count":10,"href":"https:\/\/santabarbara.gob.ec\/sbep\/wp-json\/wp\/v2\/pages\/908\/revisions"}],"predecessor-version":[{"id":929,"href":"https:\/\/santabarbara.gob.ec\/sbep\/wp-json\/wp\/v2\/pages\/908\/revisions\/929"}],"wp:attachment":[{"href":"https:\/\/santabarbara.gob.ec\/sbep\/wp-json\/wp\/v2\/media?parent=908"}],"curies":[{"name":"wp","href":"https:\/\/api.w.org\/{rel}","templated":true}]}}